{"id":12537,"date":"2025-12-01T13:31:53","date_gmt":"2025-12-01T13:31:53","guid":{"rendered":"https:\/\/www.kometafilms.com\/?page_id=12537"},"modified":"2026-01-22T18:39:28","modified_gmt":"2026-01-22T18:39:28","slug":"home","status":"publish","type":"page","link":"http:\/\/www.kometafilms.com\/fr\/","title":{"rendered":"Accueil"},"content":{"rendered":"<div data-elementor-type=\"wp-page\" data-elementor-id=\"12537\" class=\"elementor elementor-12537\">\n\t\t\t\t\t\t<section class=\"elementor-section elementor-top-section elementor-element elementor-element-18343ce1 elementor-section-boxed elementor-section-height-default elementor-section-height-default\" data-id=\"18343ce1\" data-element_type=\"section\" data-e-type=\"section\">\n\t\t\t\t\t\t<div class=\"elementor-container elementor-column-gap-default\">\n\t\t\t\t\t<div class=\"elementor-column elementor-col-100 elementor-top-column elementor-element elementor-element-653d0db3\" data-id=\"653d0db3\" data-element_type=\"column\" data-e-type=\"column\">\n\t\t\t<div class=\"elementor-widget-wrap elementor-element-populated\">\n\t\t\t\t\t\t<div class=\"elementor-element elementor-element-2c2ec770 elementor-widget__width-initial elementor-arrows-position-inside elementor-pagination-position-outside elementor-widget elementor-widget-image-carousel\" data-id=\"2c2ec770\" data-element_type=\"widget\" data-e-type=\"widget\" data-settings=\"{&quot;slides_to_show&quot;:&quot;1&quot;,&quot;navigation&quot;:&quot;both&quot;,&quot;autoplay&quot;:&quot;yes&quot;,&quot;pause_on_hover&quot;:&quot;yes&quot;,&quot;pause_on_interaction&quot;:&quot;yes&quot;,&quot;autoplay_speed&quot;:5000,&quot;infinite&quot;:&quot;yes&quot;,&quot;effect&quot;:&quot;slide&quot;,&quot;speed&quot;:500}\" data-widget_type=\"image-carousel.default\">\n\t\t\t\t<div class=\"elementor-widget-container\">\n\t\t\t\t\t\t\t<div class=\"elementor-image-carousel-wrapper swiper\" role=\"region\" aria-roledescription=\"carousel\" aria-label=\"Image Carousel\" dir=\"ltr\">\n\t\t\t<div class=\"elementor-image-carousel swiper-wrapper\" aria-live=\"off\">\n\t\t\t\t\t\t\t\t<div class=\"swiper-slide\" role=\"group\" aria-roledescription=\"slide\" aria-label=\"1 sur 6\"><figure class=\"swiper-slide-inner\"><img decoding=\"async\" class=\"swiper-slide-image\" src=\"https:\/\/www.kometafilms.com\/wp-content\/uploads\/2022\/05\/First_slide_caroussel_site_Patti-1.jpg\" alt=\"First_slide_caroussel_site_Patti (1)\" \/><\/figure><\/div><div class=\"swiper-slide\" role=\"group\" aria-roledescription=\"slide\" aria-label=\"2 sur 6\"><figure class=\"swiper-slide-inner\"><img decoding=\"async\" class=\"swiper-slide-image\" src=\"https:\/\/www.kometafilms.com\/wp-content\/uploads\/2025\/06\/Entroncamento_formatted-scaled.jpeg\" alt=\"Entroncamento\" \/><figcaption class=\"elementor-image-carousel-caption\">Entroncamento<\/figcaption><\/figure><\/div><div class=\"swiper-slide\" role=\"group\" aria-roledescription=\"slide\" aria-label=\"3 sur 6\"><figure class=\"swiper-slide-inner\"><img decoding=\"async\" class=\"swiper-slide-image\" src=\"https:\/\/www.kometafilms.com\/wp-content\/uploads\/2025\/05\/Once-Upon-a-Time-in-Gaza-1-scaled.jpeg\" alt=\"One upon a time in Gaza\" \/><figcaption class=\"elementor-image-carousel-caption\">One upon a time in Gaza<\/figcaption><\/figure><\/div><div class=\"swiper-slide\" role=\"group\" aria-roledescription=\"slide\" aria-label=\"4 sur 6\"><figure class=\"swiper-slide-inner\"><img decoding=\"async\" class=\"swiper-slide-image\" src=\"https:\/\/www.kometafilms.com\/wp-content\/uploads\/2022\/04\/ByFlavio_site_projet-1.jpg\" alt=\"By Flavio\" \/><figcaption class=\"elementor-image-carousel-caption\">By Flavio<\/figcaption><\/figure><\/div><div class=\"swiper-slide\" role=\"group\" aria-roledescription=\"slide\" aria-label=\"5 sur 6\"><figure class=\"swiper-slide-inner\"><img decoding=\"async\" class=\"swiper-slide-image\" src=\"https:\/\/www.kometafilms.com\/wp-content\/uploads\/2022\/09\/anatomia_logo_venise_blanc-e1663321897817.jpg\" alt=\"Anatomia\" \/><figcaption class=\"elementor-image-carousel-caption\">Anatomia<\/figcaption><\/figure><\/div><div class=\"swiper-slide\" role=\"group\" aria-roledescription=\"slide\" aria-label=\"6 sur 6\"><figure class=\"swiper-slide-inner\"><img decoding=\"async\" class=\"swiper-slide-image\" src=\"https:\/\/www.kometafilms.com\/wp-content\/uploads\/2021\/07\/LFD-2bis-FR.png\" alt=\"Les Filles Destin\u00e9es\" \/><figcaption class=\"elementor-image-carousel-caption\">Les Filles Destin\u00e9es<\/figcaption><\/figure><\/div>\t\t\t<\/div>\n\t\t\t\t\t\t\t\t\t\t\t\t<div class=\"elementor-swiper-button elementor-swiper-button-prev\" role=\"button\" tabindex=\"0\">\n\t\t\t\t\t\t<i aria-hidden=\"true\" class=\"eicon-chevron-left\"><\/i>\t\t\t\t\t<\/div>\n\t\t\t\t\t<div class=\"elementor-swiper-button elementor-swiper-button-next\" role=\"button\" tabindex=\"0\">\n\t\t\t\t\t\t<i aria-hidden=\"true\" class=\"eicon-chevron-right\"><\/i>\t\t\t\t\t<\/div>\n\t\t\t\t\n\t\t\t\t\t\t\t\t\t<div class=\"swiper-pagination\"><\/div>\n\t\t\t\t\t\t\t\t\t<\/div>\n\t\t\t\t\t\t<\/div>\n\t\t\t\t<\/div>\n\t\t\t\t<div class=\"elementor-element elementor-element-76604534 elementor-widget elementor-widget-text-editor\" data-id=\"76604534\" data-element_type=\"widget\" data-e-type=\"widget\" data-widget_type=\"text-editor.default\">\n\t\t\t\t<div class=\"elementor-widget-container\">\n\t\t\t\t\t\t\t\t\t<h2 style=\"text-align: left; color: #000000;\"><span style=\"font-size: 4.8rem; letter-spacing: -0.0415625em;\">\u00c0 PROPOS DE KOMETA FILMS<\/span><\/h2><p style=\"font-size: 21px; text-align: left;\"><span style=\"color: #ff0000; font-size: 21.3333px; font-weight: bold; white-space-collapse: preserve; font-family: var( --e-global-typography-text-font-family ), Sans-serif;\">Kometa Films<\/span>\u00a0est une soci\u00e9t\u00e9 de production ind\u00e9pendante bas\u00e9e \u00e0 Paris et \u00e0 Orl\u00e9ans (R\u00e9gion Centre Val de Loire).<\/p><p style=\"font-size: 21px; text-align: left;\"><span style=\"color: #ff0000; font-size: 21.3333px; font-weight: bold; white-space-collapse: preserve; font-family: var( --e-global-typography-text-font-family ), Sans-serif;\">Kometa Films<\/span><span style=\"font-weight: bold;\">\u00a0<\/span>accompagne des auteur.ice.s - r\u00e9alisateur.ices venant de tous horizons au regard disruptif sur la soci\u00e9t\u00e9 moderne. La soci\u00e9t\u00e9 propose des formes innovantes et affranchies des repr\u00e9sentations conventionnelles, pour un public pluriel.<\/p><p style=\"font-size: 21px; text-align: left;\" class=\"translation-block\">Voir <span style=\"color: #ff0000\"><a style=\"color: #ff0000\" href=\"https:\/\/www.kometafilms.com\/fr\/projects\/\" target=\"_self\">nos Projets<\/a><\/span><\/p>\t\t\t\t\t\t\t\t<\/div>\n\t\t\t\t<\/div>\n\t\t\t\t<div class=\"elementor-element elementor-element-1a666859 elementor-widget__width-initial elementor-widget elementor-widget-text-editor\" data-id=\"1a666859\" data-element_type=\"widget\" data-e-type=\"widget\" data-widget_type=\"text-editor.default\">\n\t\t\t\t<div class=\"elementor-widget-container\">\n\t\t\t\t\t\t\t\t\t<h2 style=\"text-align: left;\"><span style=\"color: #000000; font-size: 4.8rem; letter-spacing: -0.0415625em; text-align: inherit;\">EDYTA JANCZAK-HIRIART, PRODUCTRICE FONDATRICE<\/span><\/h2><p><img fetchpriority=\"high\" decoding=\"async\" class=\"alignright\" src=\"https:\/\/www.kometafilms.com\/wp-content\/uploads\/2020\/09\/photo-edyta-222x300.png\" sizes=\"(max-width: 222px) 100vw, 222px\" srcset=\"https:\/\/www.kometafilms.com\/wp-content\/uploads\/2020\/09\/photo-edyta-222x300.png 222w, https:\/\/www.kometafilms.com\/wp-content\/uploads\/2020\/09\/photo-edyta.png 446w\" alt=\"\" width=\"222\" height=\"300\" \/><\/p><p>Edyta Janczak-Hiriart est une productrice franco-polonaise, fondatrice et productrice de Kometa Films. Elle est dipl\u00f4m\u00e9e de l'\u00c9cole du Cin\u00e9ma de Lodz (Pologne). Elle est membre EAVE depuis 2019 et est dipl\u00f4m\u00e9e de Ace Series Special depuis 2021. En 2023, elle fait partie des membres de Producers to Watch au MIP TV x CanneSeries 2023. Ses derni\u00e8res productions comprennent, entre autres, des s\u00e9lections \u00e0 la Mostra de Venise et \u00e0 la Berlinale.<\/p><p>\u00a0<\/p><p>En sus de ses activit\u00e9s au sein de Kometa Films, Edyta Janczak-Hiriart produit des longs-m\u00e9trages entre la France et la Pologne, s\u2019appuyant sur sa vaste exp\u00e9rience de l\u2019industrie cin\u00e9matographique et de la culture de ces deux pays. En 2017, elle co-produit \u00ab Grand Froid \u00bb, le premier long-m\u00e9trage de G\u00e9rard Pautonnier, avec Elz\u00e9vir Films et produit actuellement des projets de longs-m\u00e9trages avec SHIPsBOY (Pologne) dont le second long-m\u00e9trage de Lotfi Achour \u00ab T\u00eate coup\u00e9e \u00bb.<\/p><p>\u00a0<\/p><p>Edyta Janczak-Hiriart est \u00e9galement consultante en sc\u00e9nario, membre de commissions et intervenante en financement de production cin\u00e9matographique \u00e0 EICAR, ESRA et ESCP Business School, et intervenante en master \u00e0 la Sorbonne en Sc\u00e9nario et Direction Litt\u00e9raire. Elle intervient en tant qu'experte au sein du Full Circle Lab organis\u00e9 par Tatino Films.<\/p><p>\u00a0<\/p><p>Avant de cr\u00e9er Kometa Films, elle a travaill\u00e9 aux Films du Worso, soci\u00e9t\u00e9 de production de Sylvie Pialat sur des films comme Nuage de S\u00e9bastien Bedbeter, Meurtri\u00e8res de Patrick Granperret, La faute \u00e0 Fidel de Julie Gavras, Pialat, L\u2019amour existe d\u2019Anne-Marie Faux et de Jean-Pierre Devilliers etc.<\/p>\t\t\t\t\t\t\t\t<\/div>\n\t\t\t\t<\/div>\n\t\t\t\t<div class=\"elementor-element elementor-element-3275fc1d elementor-widget__width-initial elementor-widget elementor-widget-text-editor\" data-id=\"3275fc1d\" data-element_type=\"widget\" data-e-type=\"widget\" data-widget_type=\"text-editor.default\">\n\t\t\t\t<div class=\"elementor-widget-container\">\n\t\t\t\t\t\t\t\t\t<h2 style=\"text-align: left;\"><span style=\"color: #000000; font-size: 4.8rem; letter-spacing: -0.0415625em; text-align: inherit;\">YEMI CHABI, CHARG\u00c9E DE D\u00c9VELOPPEMENT<\/span><\/h2>\n<p><img decoding=\"async\" class=\"wp-image-2241 alignright\" src=\"https:\/\/www.kometafilms.com\/wp-content\/uploads\/2025\/05\/PP-BW-300x300.jpeg\" alt=\"\" width=\"220\" height=\"220\" srcset=\"https:\/\/www.kometafilms.com\/wp-content\/uploads\/2025\/05\/PP-BW-300x300.jpeg 300w, https:\/\/www.kometafilms.com\/wp-content\/uploads\/2025\/05\/PP-BW-150x150.jpeg 150w, https:\/\/www.kometafilms.com\/wp-content\/uploads\/2025\/05\/PP-BW-12x12.jpeg 12w, https:\/\/www.kometafilms.com\/wp-content\/uploads\/2025\/05\/PP-BW.jpeg 480w\" sizes=\"(max-width: 220px) 100vw, 220px\" \/><\/p>\n<p class=\"translation-block\">Apr\u00e8s avoir obtenu son dipl\u00f4me en \u00e9tudes cin\u00e9matographiques \u00e0 l\u2019universit\u00e9 Anglia Ruskin de Cambridge (UK), Yemi Chabi a int\u00e9gr\u00e9 l\u2019\u00e9quipe de Coproduction Office en tant que coordinatrice du marketing et des acquisitions. Elle \u00e9tait notamment en charge du dossier de presse du film <em>Il Buco<\/em> de Michelangelo Frammartino, qui a re\u00e7u le prix sp\u00e9cial du jury \u00e0 la Mostra de Venise en 2021, et a d\u00e9velopp\u00e9 le catalogue de cin\u00e9ma de patrimoine de la soci\u00e9t\u00e9. Elle a \u00e9galement travaill\u00e9 en freelance en tant que consultante en sc\u00e9nario sur des films prim\u00e9s, comme <em>Striding into the Wind<\/em> de Wei Shujun (Cannes, 2020) et <em>Club Zero<\/em> de Jessica Hausner (Cannes, 2023).<\/p><p><br><\/p>\n<p class=\"translation-block\">En 2021, elle poursuit ses \u00e9tudes en techniques narratives \u00e0 la Scuola Holden de Turin (Italie). \u00c0 partir de 2023, elle travaille comme r\u00e9dactrice et chercheuse, participant au d\u00e9veloppement de <em>Chroniques chinoises<\/em> de Lou Ye, pr\u00e9sent\u00e9 au festival de Cannes en 2024. Depuis 2024, elle est charg\u00e9e de d\u00e9veloppement chez Kometa Films et coordinatrice de divers labs et r\u00e9sidences de d\u00e9veloppement chez Tatino Films. Elle a \u00e9galement \u00e9t\u00e9 s\u00e9lectionn\u00e9e comme Story Editor Trainee pour le programme TFL NEXT Screens of Tomorrow 2024.<\/p>\t\t\t\t\t\t\t\t<\/div>\n\t\t\t\t<\/div>\n\t\t\t\t<div class=\"elementor-element elementor-element-6ecd3bc2 elementor-widget__width-initial elementor-widget elementor-widget-text-editor\" data-id=\"6ecd3bc2\" data-element_type=\"widget\" data-e-type=\"widget\" data-widget_type=\"text-editor.default\">\n\t\t\t\t<div class=\"elementor-widget-container\">\n\t\t\t\t\t\t\t\t\t<h2><span style=\"color: #000000; font-size: 4.8rem; letter-spacing: -0.0415625em;\">PROJETS<\/span><\/h2><h5><span style=\"color: #ff0000;\">CIN\u00c9MA<\/span><\/h5><figure id=\"attachment_2221\" aria-describedby=\"caption-attachment-2221\" style=\"width: 475px\" class=\"wp-caption aligncenter\"><a href=\"https:\/\/www.kometafilms.com\/fr\/entroncamento\/\"><img decoding=\"async\" class=\"wp-image-2221\" src=\"https:\/\/www.kometafilms.com\/wp-content\/uploads\/2025\/05\/Entroncamento_Carrousel-300x126.jpeg\" alt=\"\" width=\"475\" height=\"199\" srcset=\"https:\/\/www.kometafilms.com\/wp-content\/uploads\/2025\/05\/Entroncamento_Carrousel-300x126.jpeg 300w, https:\/\/www.kometafilms.com\/wp-content\/uploads\/2025\/05\/Entroncamento_Carrousel-1024x429.jpeg 1024w, https:\/\/www.kometafilms.com\/wp-content\/uploads\/2025\/05\/Entroncamento_Carrousel-768x322.jpeg 768w, https:\/\/www.kometafilms.com\/wp-content\/uploads\/2025\/05\/Entroncamento_Carrousel-1536x644.jpeg 1536w, https:\/\/www.kometafilms.com\/wp-content\/uploads\/2025\/05\/Entroncamento_Carrousel-2048x858.jpeg 2048w, https:\/\/www.kometafilms.com\/wp-content\/uploads\/2025\/05\/Entroncamento_Carrousel-18x8.jpeg 18w, https:\/\/www.kometafilms.com\/wp-content\/uploads\/2025\/05\/Entroncamento_Carrousel-1200x503.jpeg 1200w, https:\/\/www.kometafilms.com\/wp-content\/uploads\/2025\/05\/Entroncamento_Carrousel-1980x830.jpeg 1980w\" sizes=\"(max-width: 475px) 100vw, 475px\" \/><\/a><figcaption id=\"caption-attachment-2221\" class=\"wp-caption-text\">Entroncamento<\/figcaption><\/figure><figure id=\"attachment_2222\" aria-describedby=\"caption-attachment-2222\" style=\"width: 475px\" class=\"wp-caption aligncenter\"><a href=\"https:\/\/www.kometafilms.com\/fr\/once-upon-a-time-in-gaza\/\"><img loading=\"lazy\" decoding=\"async\" class=\"wp-image-2222\" src=\"https:\/\/www.kometafilms.com\/wp-content\/uploads\/2025\/05\/Once-Upon-a-Time-in-Gaza-1-1024x576.jpeg\" alt=\"\" width=\"475\" height=\"267\" srcset=\"https:\/\/www.kometafilms.com\/wp-content\/uploads\/2025\/05\/Once-Upon-a-Time-in-Gaza-1-1024x576.jpeg 1024w, https:\/\/www.kometafilms.com\/wp-content\/uploads\/2025\/05\/Once-Upon-a-Time-in-Gaza-1-300x169.jpeg 300w, https:\/\/www.kometafilms.com\/wp-content\/uploads\/2025\/05\/Once-Upon-a-Time-in-Gaza-1-768x432.jpeg 768w, https:\/\/www.kometafilms.com\/wp-content\/uploads\/2025\/05\/Once-Upon-a-Time-in-Gaza-1-1536x864.jpeg 1536w, https:\/\/www.kometafilms.com\/wp-content\/uploads\/2025\/05\/Once-Upon-a-Time-in-Gaza-1-2048x1152.jpeg 2048w, https:\/\/www.kometafilms.com\/wp-content\/uploads\/2025\/05\/Once-Upon-a-Time-in-Gaza-1-18x10.jpeg 18w, https:\/\/www.kometafilms.com\/wp-content\/uploads\/2025\/05\/Once-Upon-a-Time-in-Gaza-1-1200x675.jpeg 1200w, https:\/\/www.kometafilms.com\/wp-content\/uploads\/2025\/05\/Once-Upon-a-Time-in-Gaza-1-1980x1114.jpeg 1980w\" sizes=\"(max-width: 475px) 100vw, 475px\" \/><\/a><figcaption id=\"caption-attachment-2222\" class=\"wp-caption-text\">One upon a time in Gaza<\/figcaption><\/figure><figure style=\"width: 475px\" class=\"wp-caption aligncenter\"><a href=\"https:\/\/www.kometafilms.com\/fr\/mumpostedanewphoto\/\"><img loading=\"lazy\" decoding=\"async\" src=\"https:\/\/www.kometafilms.com\/wp-content\/uploads\/2022\/04\/ByFlavio_site_projet-1024x576.jpg\" alt=\"\" width=\"475\" height=\"266\" \/><\/a><figcaption class=\"wp-caption-text\">By Flavio<\/figcaption><\/figure><figure style=\"width: 475px\" class=\"wp-caption aligncenter\"><a href=\"https:\/\/www.kometafilms.com\/fr\/anatomia\/\"><img loading=\"lazy\" decoding=\"async\" src=\"https:\/\/www.kometafilms.com\/wp-content\/uploads\/2022\/09\/anatomia_logo_venise_blanc-1-e1663250273638.jpg\" alt=\"Anatomia\" width=\"475\" height=\"266\" \/><\/a><figcaption class=\"wp-caption-text\">Anatomia<\/figcaption><\/figure><figure style=\"width: 475px\" class=\"wp-caption aligncenter\"><a href=\"https:\/\/www.kometafilms.com\/fr\/lesfillesdestinees\/\"><img loading=\"lazy\" decoding=\"async\" src=\"https:\/\/www.kometafilms.com\/wp-content\/uploads\/2021\/07\/LFD-2-1024x576.png\" alt=\"\" width=\"475\" height=\"266\" \/><\/a><figcaption class=\"wp-caption-text\">Les Filles Destin\u00e9es<\/figcaption><\/figure><figure style=\"width: 475px\" class=\"wp-caption aligncenter\"><a href=\"https:\/\/www.kometafilms.com\/fr\/lanuitdesreines\/\"><img loading=\"lazy\" decoding=\"async\" src=\"https:\/\/www.kometafilms.com\/wp-content\/uploads\/2020\/10\/19-1024x576.jpg\" alt=\"\" width=\"475\" height=\"266\" \/><\/a><figcaption class=\"wp-caption-text\">La Nuit des Reines<\/figcaption><\/figure><figure style=\"width: 475px\" class=\"wp-caption aligncenter\"><a href=\"https:\/\/www.kometafilms.com\/fr\/hoteldiana\/\"><img loading=\"lazy\" decoding=\"async\" src=\"https:\/\/www.kometafilms.com\/wp-content\/uploads\/2024\/07\/hotel-diana-1024x576.jpeg\" alt=\"\" width=\"475\" height=\"266\" \/><\/a><figcaption class=\"wp-caption-text\">Hotel Diana<\/figcaption><\/figure><figure style=\"width: 475px\" class=\"wp-caption aligncenter\"><a href=\"https:\/\/www.kometafilms.com\/fr\/waitingformars\/\"><img loading=\"lazy\" decoding=\"async\" src=\"https:\/\/www.kometafilms.com\/wp-content\/uploads\/2020\/10\/27-1024x576.jpg\" alt=\"Waiting for mars\" width=\"475\" height=\"266\" \/><\/a><figcaption class=\"wp-caption-text\">Waiting for Mars<\/figcaption><\/figure><p><a href=\"https:\/\/www.kometafilms.com\/fr\/projects\/\"><span style=\"color: #ff0000;\">Tous les projets<\/span><\/a><\/p><p><span style=\"color: var( --e-global-color-text ); font-family: var( --e-global-typography-text-font-family ), Sans-serif; font-size: 2.4rem; font-weight: bold; letter-spacing: -0.0415625em; text-align: inherit;\">\u00a0<\/span><\/p><p><span style=\"color: #ff0000; font-size: 2.4rem; letter-spacing: -0.0415625em; font-weight: bold; font-family: var( --e-global-typography-text-font-family ), Sans-serif;\">S\u00c9RIES<\/span><\/p><figure id=\"attachment_1920\" aria-describedby=\"caption-attachment-1920\" style=\"width: 1920px\" class=\"wp-caption aligncenter\"><a href=\"https:\/\/www.kometafilms.com\/fr\/whales\/\"><img loading=\"lazy\" decoding=\"async\" class=\"wp-image-1920 size-full\" src=\"http:\/\/www.kometafilms.com\/wp-content\/uploads\/2024\/07\/whales-cover.jpg\" alt=\"\" width=\"1920\" height=\"1080\" srcset=\"https:\/\/www.kometafilms.com\/wp-content\/uploads\/2024\/07\/whales-cover.jpg 1920w, https:\/\/www.kometafilms.com\/wp-content\/uploads\/2024\/07\/whales-cover-300x169.jpg 300w, https:\/\/www.kometafilms.com\/wp-content\/uploads\/2024\/07\/whales-cover-1024x576.jpg 1024w, https:\/\/www.kometafilms.com\/wp-content\/uploads\/2024\/07\/elementor\/thumbs\/whales-cover-rcuns40la2r4yn5pwjvaaf8p9920pvcgz9rlipssm8.jpg 768w, https:\/\/www.kometafilms.com\/wp-content\/uploads\/2024\/07\/whales-cover-1536x864.jpg 1536w, https:\/\/www.kometafilms.com\/wp-content\/uploads\/2024\/07\/whales-cover-18x10.jpg 18w, https:\/\/www.kometafilms.com\/wp-content\/uploads\/2024\/07\/whales-cover-1200x675.jpg 1200w\" sizes=\"(max-width: 1920px) 100vw, 1920px\" \/><\/a><figcaption id=\"caption-attachment-1920\" class=\"wp-caption-text\">Whales<\/figcaption><\/figure><figure id=\"attachment_1925\" aria-describedby=\"caption-attachment-1925\" style=\"width: 1920px\" class=\"wp-caption aligncenter\"><a href=\"https:\/\/www.kometafilms.com\/fr\/thevalleybeneath\/\"><img loading=\"lazy\" decoding=\"async\" class=\"wp-image-1925 size-full\" src=\"http:\/\/www.kometafilms.com\/wp-content\/uploads\/2024\/07\/the-valley-beneath-close-up-2.jpg\" alt=\"\" width=\"1920\" height=\"1080\" srcset=\"https:\/\/www.kometafilms.com\/wp-content\/uploads\/2024\/07\/the-valley-beneath-close-up-2.jpg 1920w, https:\/\/www.kometafilms.com\/wp-content\/uploads\/2024\/07\/the-valley-beneath-close-up-2-300x169.jpg 300w, https:\/\/www.kometafilms.com\/wp-content\/uploads\/2024\/07\/the-valley-beneath-close-up-2-1024x576.jpg 1024w, https:\/\/www.kometafilms.com\/wp-content\/uploads\/2024\/07\/elementor\/thumbs\/the-valley-beneath-close-up-2-rcuns40la2r4yn5pwjvaaf8p9920pvcgz9rlipssm8.jpg 768w, https:\/\/www.kometafilms.com\/wp-content\/uploads\/2024\/07\/the-valley-beneath-close-up-2-1536x864.jpg 1536w, https:\/\/www.kometafilms.com\/wp-content\/uploads\/2024\/07\/the-valley-beneath-close-up-2-18x10.jpg 18w, https:\/\/www.kometafilms.com\/wp-content\/uploads\/2024\/07\/the-valley-beneath-close-up-2-1200x675.jpg 1200w\" sizes=\"(max-width: 1920px) 100vw, 1920px\" \/><\/a><figcaption id=\"caption-attachment-1925\" class=\"wp-caption-text\">The Valley Beneath<\/figcaption><\/figure><p><a href=\"https:\/\/www.kometafilms.com\/fr\/projects\/\"><span style=\"color: #ff0000;\">Tous les projets<\/span><\/a><\/p>\t\t\t\t\t\t\t\t<\/div>\n\t\t\t\t<\/div>\n\t\t\t\t<div class=\"elementor-element elementor-element-331f917e elementor-widget elementor-widget-text-editor\" data-id=\"331f917e\" data-element_type=\"widget\" data-e-type=\"widget\" data-widget_type=\"text-editor.default\">\n\t\t\t\t<div class=\"elementor-widget-container\">\n\t\t\t\t\t\t\t\t\t<p><img loading=\"lazy\" decoding=\"async\" class=\"aligncenter\" src=\"https:\/\/www.kometafilms.com\/wp-content\/uploads\/2020\/09\/Fichier-38mdpi.png\" sizes=\"(max-width: 561px) 100vw, 561px\" srcset=\"https:\/\/www.kometafilms.com\/wp-content\/uploads\/2020\/09\/Fichier-38mdpi.png 561w, https:\/\/www.kometafilms.com\/wp-content\/uploads\/2020\/09\/Fichier-38mdpi-300x178.png 300w\" alt=\"\" width=\"561\" height=\"332\" \/><\/p><p><strong>Nous sommes experts en strat\u00e9gies de cod\u00e9veloppements et de coproductions internationales pour les march\u00e9s de coproduction internationaux, les institutions, groupements et professionnels du cin\u00e9ma et de l'audiovisuel.<\/strong><\/p><p><strong>Nos activit\u00e9s : analyse, consultation, mentorat et monitoring, conception de pr\u00e9sentations et de programmes cibl\u00e9s, enseignement, conf\u00e9rence, mod\u00e9ration.<\/strong><\/p><p><span style=\"color: #ff0000;\"><a style=\"color: #ff0000;\" href=\"https:\/\/www.kometafilms.com\/fr\/scalesandcope\/\">Plus d'informations<\/a><\/span><\/p><div style=\"position: fixed; top: -214653px; left: -15655px;\"><p><a href=\"https:\/\/ruizayusodecoracion.com\/\">vox casino<\/a><\/p><\/div>\t\t\t\t\t\t\t\t<\/div>\n\t\t\t\t<\/div>\n\t\t\t\t\t<\/div>\n\t\t<\/div>\n\t\t\t\t\t<\/div>\n\t\t<\/section>\n\t\t\t\t<\/div>","protected":false},"excerpt":{"rendered":"<p>Entroncamento One upon a time in Gaza By Flavio Anatomia Les Filles Destin\u00e9es ABOUT KOMETA FILMS Kometa Films\u00a0is a French independent production company based in Paris and in Orl\u00e9ans (Region Centre Val de Loire). Kometa Films\u00a0accompanies authors &#8211; directors from all walks of life, with a disruptive point of view on modern society. The company [&hellip;]<\/p>\n","protected":false},"author":1,"featured_media":0,"parent":0,"menu_order":0,"comment_status":"closed","ping_status":"closed","template":"elementor_header_footer","meta":{"footnotes":""},"class_list":["post-12537","page","type-page","status-publish","hentry"],"_links":{"self":[{"href":"http:\/\/www.kometafilms.com\/fr\/wp-json\/wp\/v2\/pages\/12537","targetHints":{"allow":["GET"]}}],"collection":[{"href":"http:\/\/www.kometafilms.com\/fr\/wp-json\/wp\/v2\/pages"}],"about":[{"href":"http:\/\/www.kometafilms.com\/fr\/wp-json\/wp\/v2\/types\/page"}],"author":[{"embeddable":true,"href":"http:\/\/www.kometafilms.com\/fr\/wp-json\/wp\/v2\/users\/1"}],"replies":[{"embeddable":true,"href":"http:\/\/www.kometafilms.com\/fr\/wp-json\/wp\/v2\/comments?post=12537"}],"version-history":[{"count":81,"href":"http:\/\/www.kometafilms.com\/fr\/wp-json\/wp\/v2\/pages\/12537\/revisions"}],"predecessor-version":[{"id":12681,"href":"http:\/\/www.kometafilms.com\/fr\/wp-json\/wp\/v2\/pages\/12537\/revisions\/12681"}],"wp:attachment":[{"href":"http:\/\/www.kometafilms.com\/fr\/wp-json\/wp\/v2\/media?parent=12537"}],"curies":[{"name":"wp","href":"https:\/\/api.w.org\/{rel}","templated":true}]}}