{"id":1808,"date":"2024-07-16T13:08:19","date_gmt":"2024-07-16T13:08:19","guid":{"rendered":"https:\/\/www.kometafilms.com\/?page_id=1808"},"modified":"2026-03-29T17:59:27","modified_gmt":"2026-03-29T17:59:27","slug":"whales","status":"publish","type":"page","link":"http:\/\/www.kometafilms.com\/fr\/whales\/","title":{"rendered":"WHALES"},"content":{"rendered":"<div data-elementor-type=\"wp-page\" data-elementor-id=\"1808\" class=\"elementor elementor-1808\">\n\t\t\t\t\t\t<section class=\"elementor-section elementor-top-section elementor-element elementor-element-7938ca2 elementor-section-content-middle elementor-section-boxed elementor-section-height-default elementor-section-height-default\" data-id=\"7938ca2\" data-element_type=\"section\" data-e-type=\"section\">\n\t\t\t\t\t\t<div class=\"elementor-container elementor-column-gap-no\">\n\t\t\t\t\t<div class=\"elementor-column elementor-col-100 elementor-top-column elementor-element elementor-element-e4da28d\" data-id=\"e4da28d\" data-element_type=\"column\" data-e-type=\"column\">\n\t\t\t<div class=\"elementor-widget-wrap elementor-element-populated\">\n\t\t\t\t\t\t<div class=\"elementor-element elementor-element-62ea27f elementor-widget elementor-widget-image\" data-id=\"62ea27f\" data-element_type=\"widget\" data-e-type=\"widget\" data-widget_type=\"image.default\">\n\t\t\t\t<div class=\"elementor-widget-container\">\n\t\t\t\t\t\t\t\t\t\t\t\t\t\t\t<img fetchpriority=\"high\" decoding=\"async\" width=\"1920\" height=\"1080\" src=\"https:\/\/www.kometafilms.com\/wp-content\/uploads\/2024\/07\/whales-cover.jpg\" class=\"attachment-full size-full wp-image-1920\" alt=\"\" srcset=\"https:\/\/www.kometafilms.com\/wp-content\/uploads\/2024\/07\/whales-cover.jpg 1920w, https:\/\/www.kometafilms.com\/wp-content\/uploads\/2024\/07\/whales-cover-300x169.jpg 300w, https:\/\/www.kometafilms.com\/wp-content\/uploads\/2024\/07\/whales-cover-1024x576.jpg 1024w, https:\/\/www.kometafilms.com\/wp-content\/uploads\/2024\/07\/elementor\/thumbs\/whales-cover-rcuns40la2r4yn5pwjvaaf8p9920pvcgz9rlipssm8.jpg 768w, https:\/\/www.kometafilms.com\/wp-content\/uploads\/2024\/07\/whales-cover-1536x864.jpg 1536w, https:\/\/www.kometafilms.com\/wp-content\/uploads\/2024\/07\/whales-cover-18x10.jpg 18w, https:\/\/www.kometafilms.com\/wp-content\/uploads\/2024\/07\/whales-cover-1200x675.jpg 1200w\" sizes=\"(max-width: 1920px) 100vw, 1920px\" \/>\t\t\t\t\t\t\t\t\t\t\t\t\t\t\t<\/div>\n\t\t\t\t<\/div>\n\t\t\t\t<div class=\"elementor-element elementor-element-1921893 elementor-widget elementor-widget-heading\" data-id=\"1921893\" data-element_type=\"widget\" data-e-type=\"widget\" data-widget_type=\"heading.default\">\n\t\t\t\t<div class=\"elementor-widget-container\">\n\t\t\t\t\t<h2 class=\"elementor-heading-title elementor-size-default\">WHALES<\/h2>\t\t\t\t<\/div>\n\t\t\t\t<\/div>\n\t\t\t\t<div class=\"elementor-element elementor-element-611a643 elementor-widget elementor-widget-heading\" data-id=\"611a643\" data-element_type=\"widget\" data-e-type=\"widget\" data-widget_type=\"heading.default\">\n\t\t\t\t<div class=\"elementor-widget-container\">\n\t\t\t\t\t<h2 class=\"elementor-heading-title elementor-size-default\">Mini-s\u00e9rie en d\u00e9veloppement<br>8 x 30'<\/h2>\t\t\t\t<\/div>\n\t\t\t\t<\/div>\n\t\t\t\t<div class=\"elementor-element elementor-element-796bac0 elementor-widget elementor-widget-text-editor\" data-id=\"796bac0\" data-element_type=\"widget\" data-e-type=\"widget\" data-widget_type=\"text-editor.default\">\n\t\t\t\t<div class=\"elementor-widget-container\">\n\t\t\t\t\t\t\t\t\t<p><i>Julie, une lyc\u00e9enne introvertie, et ses amis enqu\u00eatent sur le suicide de son copain et d\u00e9couvrent un jeu dangereux sur les r\u00e9seaux sociaux. Dans cette ville paisible, leur qu\u00eate est compliqu\u00e9e par la nouvelle directrice du lyc\u00e9e, Anna, qui enqu\u00eate aussi sur cette myst\u00e9rieuse vague de d\u00e9pressions avec un policier.<\/i><\/p>\t\t\t\t\t\t\t\t<\/div>\n\t\t\t\t<\/div>\n\t\t\t\t<div class=\"elementor-element elementor-element-b6199ee elementor-widget elementor-widget-heading\" data-id=\"b6199ee\" data-element_type=\"widget\" data-e-type=\"widget\" data-widget_type=\"heading.default\">\n\t\t\t\t<div class=\"elementor-widget-container\">\n\t\t\t\t\t<h2 class=\"elementor-heading-title elementor-size-default\">Cr\u00e9\u00e9e par Hadar Arzi-Sarano<br>\nGenre : Teen thriller<\/h2>\t\t\t\t<\/div>\n\t\t\t\t<\/div>\n\t\t\t\t<div class=\"elementor-element elementor-element-eab7ffe elementor-align-left elementor-widget elementor-widget-button\" data-id=\"eab7ffe\" data-element_type=\"widget\" data-e-type=\"widget\" data-widget_type=\"button.default\">\n\t\t\t\t<div class=\"elementor-widget-container\">\n\t\t\t\t\t\t\t\t\t<div class=\"elementor-button-wrapper\">\n\t\t\t\t\t<a class=\"elementor-button elementor-button-link elementor-size-md\" href=\"http:\/\/www.kometafilms.com\/fr\/projects\/\">\n\t\t\t\t\t\t<span class=\"elementor-button-content-wrapper\">\n\t\t\t\t\t\t<span class=\"elementor-button-icon\">\n\t\t\t\t<svg xmlns=\"http:\/\/www.w3.org\/2000\/svg\" viewbox=\"0 0 66.71 72.28\"><defs><style>.cls-1{fill:#e52922;}<\/style><\/defs><g id=\"Calque_2\" data-name=\"Calque 2\"><g id=\"Calque_1-2\" data-name=\"Calque 1\"><path class=\"cls-1\" d=\"M.62,72.28,66.71,35.13,0,0Z\"><\/path><\/g><\/g><\/svg>\t\t\t<\/span>\n\t\t\t\t\t\t\t\t\t<span class=\"elementor-button-text\">Retourner aux projets<\/span>\n\t\t\t\t\t<\/span>\n\t\t\t\t\t<\/a>\n\t\t\t\t<\/div>\n\t\t\t\t\t\t\t\t<\/div>\n\t\t\t\t<\/div>\n\t\t\t\t\t<\/div>\n\t\t<\/div>\n\t\t\t\t\t<\/div>\n\t\t<\/section>\n\t\t\t\t<\/div>","protected":false},"excerpt":{"rendered":"<p>WHALES Mini-series in development8 x 30&#8242; Julie, an introverted high school student, and her friends investigate her boyfriend&#8217;s suicide and discover a dangerous game on social networks. In a quiet town, their quest gets complexified by the school&#8217;s new headmistress, Anna, who is also investigating the mysterious wave of depressions striking her students with a [&hellip;]<\/p>\n","protected":false},"author":1,"featured_media":0,"parent":0,"menu_order":0,"comment_status":"closed","ping_status":"closed","template":"elementor_header_footer","meta":{"footnotes":""},"class_list":["post-1808","page","type-page","status-publish","hentry"],"_links":{"self":[{"href":"http:\/\/www.kometafilms.com\/fr\/wp-json\/wp\/v2\/pages\/1808","targetHints":{"allow":["GET"]}}],"collection":[{"href":"http:\/\/www.kometafilms.com\/fr\/wp-json\/wp\/v2\/pages"}],"about":[{"href":"http:\/\/www.kometafilms.com\/fr\/wp-json\/wp\/v2\/types\/page"}],"author":[{"embeddable":true,"href":"http:\/\/www.kometafilms.com\/fr\/wp-json\/wp\/v2\/users\/1"}],"replies":[{"embeddable":true,"href":"http:\/\/www.kometafilms.com\/fr\/wp-json\/wp\/v2\/comments?post=1808"}],"version-history":[{"count":14,"href":"http:\/\/www.kometafilms.com\/fr\/wp-json\/wp\/v2\/pages\/1808\/revisions"}],"predecessor-version":[{"id":12684,"href":"http:\/\/www.kometafilms.com\/fr\/wp-json\/wp\/v2\/pages\/1808\/revisions\/12684"}],"wp:attachment":[{"href":"http:\/\/www.kometafilms.com\/fr\/wp-json\/wp\/v2\/media?parent=1808"}],"curies":[{"name":"wp","href":"https:\/\/api.w.org\/{rel}","templated":true}]}}