{"id":12688,"date":"2026-03-29T18:09:20","date_gmt":"2026-03-29T18:09:20","guid":{"rendered":"https:\/\/www.kometafilms.com\/?page_id=12688"},"modified":"2026-03-29T18:20:42","modified_gmt":"2026-03-29T18:20:42","slug":"voracious","status":"publish","type":"page","link":"https:\/\/www.kometafilms.com\/fr\/voracious\/","title":{"rendered":"Vorace"},"content":{"rendered":"<div data-elementor-type=\"wp-page\" data-elementor-id=\"12688\" class=\"elementor elementor-12688\">\n\t\t\t\t\t\t<section class=\"elementor-section elementor-top-section elementor-element elementor-element-d9c2bec elementor-section-content-middle elementor-section-boxed elementor-section-height-default elementor-section-height-default\" data-id=\"d9c2bec\" data-element_type=\"section\" data-e-type=\"section\">\n\t\t\t\t\t\t<div class=\"elementor-container elementor-column-gap-no\">\n\t\t\t\t\t<div class=\"elementor-column elementor-col-100 elementor-top-column elementor-element elementor-element-d25a925\" data-id=\"d25a925\" data-element_type=\"column\" data-e-type=\"column\">\n\t\t\t<div class=\"elementor-widget-wrap elementor-element-populated\">\n\t\t\t\t\t\t<div class=\"elementor-element elementor-element-1fed8d7 elementor-widget elementor-widget-image\" data-id=\"1fed8d7\" data-element_type=\"widget\" data-e-type=\"widget\" data-widget_type=\"image.default\">\n\t\t\t\t<div class=\"elementor-widget-container\">\n\t\t\t\t\t\t\t\t\t\t\t\t\t\t\t<img fetchpriority=\"high\" decoding=\"async\" width=\"1650\" height=\"1275\" src=\"https:\/\/www.kometafilms.com\/wp-content\/uploads\/2026\/03\/Lakome.jpg\" class=\"attachment-full size-full wp-image-12690\" alt=\"\" srcset=\"https:\/\/www.kometafilms.com\/wp-content\/uploads\/2026\/03\/Lakome.jpg 1650w, https:\/\/www.kometafilms.com\/wp-content\/uploads\/2026\/03\/Lakome-300x232.jpg 300w, https:\/\/www.kometafilms.com\/wp-content\/uploads\/2026\/03\/Lakome-1024x791.jpg 1024w, https:\/\/www.kometafilms.com\/wp-content\/uploads\/2026\/03\/Lakome-768x593.jpg 768w, https:\/\/www.kometafilms.com\/wp-content\/uploads\/2026\/03\/Lakome-1536x1187.jpg 1536w, https:\/\/www.kometafilms.com\/wp-content\/uploads\/2026\/03\/Lakome-16x12.jpg 16w, https:\/\/www.kometafilms.com\/wp-content\/uploads\/2026\/03\/Lakome-1200x927.jpg 1200w\" sizes=\"(max-width: 1650px) 100vw, 1650px\" \/>\t\t\t\t\t\t\t\t\t\t\t\t\t\t\t<\/div>\n\t\t\t\t<\/div>\n\t\t\t\t<div class=\"elementor-element elementor-element-2508601 elementor-widget elementor-widget-heading\" data-id=\"2508601\" data-element_type=\"widget\" data-e-type=\"widget\" data-widget_type=\"heading.default\">\n\t\t\t\t<div class=\"elementor-widget-container\">\n\t\t\t\t\t<h2 class=\"elementor-heading-title elementor-size-default\">VORACE<\/h2>\t\t\t\t<\/div>\n\t\t\t\t<\/div>\n\t\t\t\t<div class=\"elementor-element elementor-element-3df0a0f elementor-widget elementor-widget-heading\" data-id=\"3df0a0f\" data-element_type=\"widget\" data-e-type=\"widget\" data-widget_type=\"heading.default\">\n\t\t\t\t<div class=\"elementor-widget-container\">\n\t\t\t\t\t<h2 class=\"elementor-heading-title elementor-size-default\">Long m\u00e9trage<\/h2>\t\t\t\t<\/div>\n\t\t\t\t<\/div>\n\t\t\t\t<div class=\"elementor-element elementor-element-0e16acd elementor-widget elementor-widget-text-editor\" data-id=\"0e16acd\" data-element_type=\"widget\" data-e-type=\"widget\" data-widget_type=\"text-editor.default\">\n\t\t\t\t<div class=\"elementor-widget-container\">\n\t\t\t\t\t\t\t\t\t<p>Mau\u0142, 30 ans, revient dans la maison de montagne o\u00f9 sa grand-m\u00e8re a choisi de mourir. Entre une vall\u00e9e ravag\u00e9e, le deuil \u00e0 venir et le d\u00e9sir d\u2019enfant de sa compagne, elle vacille entre accompagner la mort et croire encore \u00e0 la possibilit\u00e9 du vivant.<\/p>\t\t\t\t\t\t\t\t<\/div>\n\t\t\t\t<\/div>\n\t\t\t\t<div class=\"elementor-element elementor-element-cc42294 elementor-widget elementor-widget-heading\" data-id=\"cc42294\" data-element_type=\"widget\" data-e-type=\"widget\" data-widget_type=\"heading.default\">\n\t\t\t\t<div class=\"elementor-widget-container\">\n\t\t\t\t\t<h2 class=\"elementor-heading-title elementor-size-default\">R\u00e9alis\u00e9 par Jagoda Szelc<br>\n\u00c9crit par Jagoda Szelc<br>\nUne adaptation du livre de Ma\u0142gorzata Lebda<br>\nProduit par SHIPsBOY (Pologne) et Kometa Films<br>Genre: Drame<\/h2>\t\t\t\t<\/div>\n\t\t\t\t<\/div>\n\t\t\t\t<div class=\"elementor-element elementor-element-6cbca33 elementor-widget elementor-widget-text-editor\" data-id=\"6cbca33\" data-element_type=\"widget\" data-e-type=\"widget\" data-widget_type=\"text-editor.default\">\n\t\t\t\t<div class=\"elementor-widget-container\">\n\t\t\t\t\t\t\t\t\t<p>Financement acquis : Aide \u00e0 la production du Polish Film Institute 2025<\/p><p>S\u00e9lections : Karlovy Vary IFF - Central Stage 2025, New Horizons - Polish Days BNP Paribas 2025<\/p>\t\t\t\t\t\t\t\t<\/div>\n\t\t\t\t<\/div>\n\t\t\t\t<div class=\"elementor-element elementor-element-143c840 elementor-align-left elementor-widget elementor-widget-button\" data-id=\"143c840\" data-element_type=\"widget\" data-e-type=\"widget\" data-widget_type=\"button.default\">\n\t\t\t\t<div class=\"elementor-widget-container\">\n\t\t\t\t\t\t\t\t\t<div class=\"elementor-button-wrapper\">\n\t\t\t\t\t<a class=\"elementor-button elementor-button-link elementor-size-md\" href=\"http:\/\/www.kometafilms.com\/fr\/projects\/\">\n\t\t\t\t\t\t<span class=\"elementor-button-content-wrapper\">\n\t\t\t\t\t\t<span class=\"elementor-button-icon\">\n\t\t\t\t<svg xmlns=\"http:\/\/www.w3.org\/2000\/svg\" viewbox=\"0 0 66.71 72.28\"><defs><style>.cls-1{fill:#e52922;}<\/style><\/defs><g id=\"Calque_2\" data-name=\"Calque 2\"><g id=\"Calque_1-2\" data-name=\"Calque 1\"><path class=\"cls-1\" d=\"M.62,72.28,66.71,35.13,0,0Z\"><\/path><\/g><\/g><\/svg>\t\t\t<\/span>\n\t\t\t\t\t\t\t\t\t<span class=\"elementor-button-text\">Retourner aux projets<\/span>\n\t\t\t\t\t<\/span>\n\t\t\t\t\t<\/a>\n\t\t\t\t<\/div>\n\t\t\t\t\t\t\t\t<\/div>\n\t\t\t\t<\/div>\n\t\t\t\t\t<\/div>\n\t\t<\/div>\n\t\t\t\t\t<\/div>\n\t\t<\/section>\n\t\t\t\t<\/div>","protected":false},"excerpt":{"rendered":"<p>VORACIOUS Feature film Mau\u0142, 30, returns to the mountain home where her grandmother chose to die. Amid a ravaged valley, impending grief, and her partner\u2019s desire for a child, she finds herself torn between accompanying death and still believing in the possibility of life. Directed by Jagoda Szelc Written by Jagoda Szelc Adaptation of the [&hellip;]<\/p>\n","protected":false},"author":1,"featured_media":0,"parent":0,"menu_order":0,"comment_status":"closed","ping_status":"closed","template":"elementor_header_footer","meta":{"footnotes":""},"class_list":["post-12688","page","type-page","status-publish","hentry"],"_links":{"self":[{"href":"https:\/\/www.kometafilms.com\/fr\/wp-json\/wp\/v2\/pages\/12688","targetHints":{"allow":["GET"]}}],"collection":[{"href":"https:\/\/www.kometafilms.com\/fr\/wp-json\/wp\/v2\/pages"}],"about":[{"href":"https:\/\/www.kometafilms.com\/fr\/wp-json\/wp\/v2\/types\/page"}],"author":[{"embeddable":true,"href":"https:\/\/www.kometafilms.com\/fr\/wp-json\/wp\/v2\/users\/1"}],"replies":[{"embeddable":true,"href":"https:\/\/www.kometafilms.com\/fr\/wp-json\/wp\/v2\/comments?post=12688"}],"version-history":[{"count":7,"href":"https:\/\/www.kometafilms.com\/fr\/wp-json\/wp\/v2\/pages\/12688\/revisions"}],"predecessor-version":[{"id":12697,"href":"https:\/\/www.kometafilms.com\/fr\/wp-json\/wp\/v2\/pages\/12688\/revisions\/12697"}],"wp:attachment":[{"href":"https:\/\/www.kometafilms.com\/fr\/wp-json\/wp\/v2\/media?parent=12688"}],"curies":[{"name":"wp","href":"https:\/\/api.w.org\/{rel}","templated":true}]}}