{"id":1529,"date":"2023-06-23T14:00:08","date_gmt":"2023-06-23T14:00:08","guid":{"rendered":"http:\/\/www.kometafilms.com\/?page_id=1529"},"modified":"2024-07-17T15:12:58","modified_gmt":"2024-07-17T15:12:58","slug":"judicael","status":"publish","type":"page","link":"https:\/\/www.kometafilms.com\/fr\/judicael\/","title":{"rendered":"Judica\u00ebl"},"content":{"rendered":"<div data-elementor-type=\"wp-page\" data-elementor-id=\"1529\" class=\"elementor elementor-1529\">\n\t\t\t\t\t\t<section class=\"elementor-section elementor-top-section elementor-element elementor-element-7938ca2 elementor-section-content-middle elementor-section-boxed elementor-section-height-default elementor-section-height-default\" data-id=\"7938ca2\" data-element_type=\"section\" data-e-type=\"section\">\n\t\t\t\t\t\t<div class=\"elementor-container elementor-column-gap-no\">\n\t\t\t\t\t<div class=\"elementor-column elementor-col-100 elementor-top-column elementor-element elementor-element-e4da28d\" data-id=\"e4da28d\" data-element_type=\"column\" data-e-type=\"column\">\n\t\t\t<div class=\"elementor-widget-wrap elementor-element-populated\">\n\t\t\t\t\t\t<div class=\"elementor-element elementor-element-62ea27f elementor-widget elementor-widget-image\" data-id=\"62ea27f\" data-element_type=\"widget\" data-e-type=\"widget\" data-widget_type=\"image.default\">\n\t\t\t\t<div class=\"elementor-widget-container\">\n\t\t\t\t\t\t\t\t\t\t\t\t\t\t\t<img fetchpriority=\"high\" decoding=\"async\" width=\"1920\" height=\"1080\" src=\"https:\/\/www.kometafilms.com\/wp-content\/uploads\/2024\/07\/judicael-cover.jpg\" class=\"attachment-full size-full wp-image-1921\" alt=\"\" srcset=\"https:\/\/www.kometafilms.com\/wp-content\/uploads\/2024\/07\/judicael-cover.jpg 1920w, https:\/\/www.kometafilms.com\/wp-content\/uploads\/2024\/07\/judicael-cover-300x169.jpg 300w, https:\/\/www.kometafilms.com\/wp-content\/uploads\/2024\/07\/judicael-cover-1024x576.jpg 1024w, https:\/\/www.kometafilms.com\/wp-content\/uploads\/2024\/07\/elementor\/thumbs\/judicael-cover-qr8ys79v6spnc0e3r88qrxp3fpzll5bvphmi1b6i8w.jpg 768w, https:\/\/www.kometafilms.com\/wp-content\/uploads\/2024\/07\/judicael-cover-1536x864.jpg 1536w, https:\/\/www.kometafilms.com\/wp-content\/uploads\/2024\/07\/judicael-cover-18x10.jpg 18w, https:\/\/www.kometafilms.com\/wp-content\/uploads\/2024\/07\/judicael-cover-1200x675.jpg 1200w\" sizes=\"(max-width: 1920px) 100vw, 1920px\" \/>\t\t\t\t\t\t\t\t\t\t\t\t\t\t\t<\/div>\n\t\t\t\t<\/div>\n\t\t\t\t<div class=\"elementor-element elementor-element-1921893 elementor-widget elementor-widget-heading\" data-id=\"1921893\" data-element_type=\"widget\" data-e-type=\"widget\" data-widget_type=\"heading.default\">\n\t\t\t\t<div class=\"elementor-widget-container\">\n\t\t\t\t\t<h2 class=\"elementor-heading-title elementor-size-default\">JUDICA\u00cbL<\/h2>\t\t\t\t<\/div>\n\t\t\t\t<\/div>\n\t\t\t\t<div class=\"elementor-element elementor-element-611a643 elementor-widget elementor-widget-heading\" data-id=\"611a643\" data-element_type=\"widget\" data-e-type=\"widget\" data-widget_type=\"heading.default\">\n\t\t\t\t<div class=\"elementor-widget-container\">\n\t\t\t\t\t<h2 class=\"elementor-heading-title elementor-size-default\">Mini-s\u00e9rie en d\u00e9veloppement<br>6 x 45'\n<\/h2>\t\t\t\t<\/div>\n\t\t\t\t<\/div>\n\t\t\t\t<div class=\"elementor-element elementor-element-796bac0 elementor-widget elementor-widget-text-editor\" data-id=\"796bac0\" data-element_type=\"widget\" data-e-type=\"widget\" data-widget_type=\"text-editor.default\">\n\t\t\t\t<div class=\"elementor-widget-container\">\n\t\t\t\t\t\t\t\t\t<p><i>Judica\u00ebl est un jeune homme juif fran\u00e7ais de 20 ans ayant quitt\u00e9 la France \u00e0 17 ans pour s\u2019engager dans l\u2019arm\u00e9e isra\u00e9lienne. Une nuit, un accident lors d\u2019une op\u00e9ration qui tourne mal fait remonter un souvenir enfoui dans sa m\u00e9moire. Ses parents et sa petite s\u0153ur arrivent en Isra\u00ebl en qu\u00eate de r\u00e9ponses pour faire face \u00e0 la disparition de Judica\u00ebl. Ils d\u00e9couvrent alors que leur fils a d\u00e9sert\u00e9 l\u2019arm\u00e9e.<\/i><\/p>\t\t\t\t\t\t\t\t<\/div>\n\t\t\t\t<\/div>\n\t\t\t\t<div class=\"elementor-element elementor-element-b6199ee elementor-widget elementor-widget-heading\" data-id=\"b6199ee\" data-element_type=\"widget\" data-e-type=\"widget\" data-widget_type=\"heading.default\">\n\t\t\t\t<div class=\"elementor-widget-container\">\n\t\t\t\t\t<h2 class=\"elementor-heading-title elementor-size-default\">Sur une id\u00e9e originale de Julie Benegmos<br>\nCo-\u00e9crit par Th\u00e9o Verzeroli <br>\nGenre : Drame Familial<br>\n<\/h2>\t\t\t\t<\/div>\n\t\t\t\t<\/div>\n\t\t\t\t<div class=\"elementor-element elementor-element-69aaed7 elementor-widget elementor-widget-text-editor\" data-id=\"69aaed7\" data-element_type=\"widget\" data-e-type=\"widget\" data-widget_type=\"text-editor.default\">\n\t\t\t\t<div class=\"elementor-widget-container\">\n\t\t\t\t\t\t\t\t\t<p>Financement : aide \u00e0 l\u2019\u00e9criture de la r\u00e9gion Occitanie, aide au concept du CNC-FAIA, aide \u00e0 l\u2019\u00e9criture du CNC-FAIA<\/p>\t\t\t\t\t\t\t\t<\/div>\n\t\t\t\t<\/div>\n\t\t\t\t<div class=\"elementor-element elementor-element-eab7ffe elementor-align-left elementor-widget elementor-widget-button\" data-id=\"eab7ffe\" data-element_type=\"widget\" data-e-type=\"widget\" data-widget_type=\"button.default\">\n\t\t\t\t<div class=\"elementor-widget-container\">\n\t\t\t\t\t\t\t\t\t<div class=\"elementor-button-wrapper\">\n\t\t\t\t\t<a class=\"elementor-button elementor-button-link elementor-size-md\" href=\"http:\/\/www.kometafilms.com\/fr\/projects\/\">\n\t\t\t\t\t\t<span class=\"elementor-button-content-wrapper\">\n\t\t\t\t\t\t<span class=\"elementor-button-icon\">\n\t\t\t\t<svg xmlns=\"http:\/\/www.w3.org\/2000\/svg\" viewbox=\"0 0 66.71 72.28\"><defs><style>.cls-1{fill:#e52922;}<\/style><\/defs><g id=\"Calque_2\" data-name=\"Calque 2\"><g id=\"Calque_1-2\" data-name=\"Calque 1\"><path class=\"cls-1\" d=\"M.62,72.28,66.71,35.13,0,0Z\"><\/path><\/g><\/g><\/svg>\t\t\t<\/span>\n\t\t\t\t\t\t\t\t\t<span class=\"elementor-button-text\">Retourner aux projets<\/span>\n\t\t\t\t\t<\/span>\n\t\t\t\t\t<\/a>\n\t\t\t\t<\/div>\n\t\t\t\t\t\t\t\t<\/div>\n\t\t\t\t<\/div>\n\t\t\t\t\t<\/div>\n\t\t<\/div>\n\t\t\t\t\t<\/div>\n\t\t<\/section>\n\t\t\t\t<\/div>","protected":false},"excerpt":{"rendered":"<p>JUDICAEL Mini-series in development6 x 45&#8242; Judica\u00ebl, a 20 yo Jewish French man who immigrated to Israel at 17 to enrol in the Israeli army. One night, a ground operation turning bad triggers a buried memory to resurface. His parents and little sister arrive in Isra\u00ebl looking for answers to face Judica\u00ebl\u2019s disappearance. Then, they [&hellip;]<\/p>\n","protected":false},"author":1,"featured_media":0,"parent":0,"menu_order":0,"comment_status":"closed","ping_status":"closed","template":"elementor_header_footer","meta":{"footnotes":""},"class_list":["post-1529","page","type-page","status-publish","hentry"],"_links":{"self":[{"href":"https:\/\/www.kometafilms.com\/fr\/wp-json\/wp\/v2\/pages\/1529","targetHints":{"allow":["GET"]}}],"collection":[{"href":"https:\/\/www.kometafilms.com\/fr\/wp-json\/wp\/v2\/pages"}],"about":[{"href":"https:\/\/www.kometafilms.com\/fr\/wp-json\/wp\/v2\/types\/page"}],"author":[{"embeddable":true,"href":"https:\/\/www.kometafilms.com\/fr\/wp-json\/wp\/v2\/users\/1"}],"replies":[{"embeddable":true,"href":"https:\/\/www.kometafilms.com\/fr\/wp-json\/wp\/v2\/comments?post=1529"}],"version-history":[{"count":30,"href":"https:\/\/www.kometafilms.com\/fr\/wp-json\/wp\/v2\/pages\/1529\/revisions"}],"predecessor-version":[{"id":1935,"href":"https:\/\/www.kometafilms.com\/fr\/wp-json\/wp\/v2\/pages\/1529\/revisions\/1935"}],"wp:attachment":[{"href":"https:\/\/www.kometafilms.com\/fr\/wp-json\/wp\/v2\/media?parent=1529"}],"curies":[{"name":"wp","href":"https:\/\/api.w.org\/{rel}","templated":true}]}}