{"id":1806,"date":"2024-07-16T13:08:02","date_gmt":"2024-07-16T13:08:02","guid":{"rendered":"https:\/\/www.kometafilms.com\/?page_id=1806"},"modified":"2025-06-05T15:37:51","modified_gmt":"2025-06-05T15:37:51","slug":"fuckingburnout","status":"publish","type":"page","link":"https:\/\/www.kometafilms.com\/fr\/fuckingburnout\/","title":{"rendered":"FUCKING BURNOUT"},"content":{"rendered":"<div data-elementor-type=\"wp-page\" data-elementor-id=\"1806\" class=\"elementor elementor-1806\">\n\t\t\t\t\t\t<section class=\"elementor-section elementor-top-section elementor-element elementor-element-7938ca2 elementor-section-content-middle elementor-section-boxed elementor-section-height-default elementor-section-height-default\" data-id=\"7938ca2\" data-element_type=\"section\" data-e-type=\"section\">\n\t\t\t\t\t\t<div class=\"elementor-container elementor-column-gap-no\">\n\t\t\t\t\t<div class=\"elementor-column elementor-col-100 elementor-top-column elementor-element elementor-element-e4da28d\" data-id=\"e4da28d\" data-element_type=\"column\" data-e-type=\"column\">\n\t\t\t<div class=\"elementor-widget-wrap elementor-element-populated\">\n\t\t\t\t\t\t<div class=\"elementor-element elementor-element-62ea27f elementor-widget elementor-widget-image\" data-id=\"62ea27f\" data-element_type=\"widget\" data-e-type=\"widget\" data-widget_type=\"image.default\">\n\t\t\t\t<div class=\"elementor-widget-container\">\n\t\t\t\t\t\t\t\t\t\t\t\t\t\t\t<img fetchpriority=\"high\" decoding=\"async\" width=\"1650\" height=\"1275\" src=\"https:\/\/www.kometafilms.com\/wp-content\/uploads\/2025\/06\/FBO.jpg\" class=\"attachment-full size-full wp-image-2424\" alt=\"\" srcset=\"https:\/\/www.kometafilms.com\/wp-content\/uploads\/2025\/06\/FBO.jpg 1650w, https:\/\/www.kometafilms.com\/wp-content\/uploads\/2025\/06\/FBO-300x232.jpg 300w, https:\/\/www.kometafilms.com\/wp-content\/uploads\/2025\/06\/FBO-1024x791.jpg 1024w, https:\/\/www.kometafilms.com\/wp-content\/uploads\/2025\/06\/FBO-768x593.jpg 768w, https:\/\/www.kometafilms.com\/wp-content\/uploads\/2025\/06\/FBO-1536x1187.jpg 1536w, https:\/\/www.kometafilms.com\/wp-content\/uploads\/2025\/06\/FBO-16x12.jpg 16w, https:\/\/www.kometafilms.com\/wp-content\/uploads\/2025\/06\/FBO-1200x927.jpg 1200w\" sizes=\"(max-width: 1650px) 100vw, 1650px\" \/>\t\t\t\t\t\t\t\t\t\t\t\t\t\t\t<\/div>\n\t\t\t\t<\/div>\n\t\t\t\t<div class=\"elementor-element elementor-element-1921893 elementor-widget elementor-widget-heading\" data-id=\"1921893\" data-element_type=\"widget\" data-e-type=\"widget\" data-widget_type=\"heading.default\">\n\t\t\t\t<div class=\"elementor-widget-container\">\n\t\t\t\t\t<h2 class=\"elementor-heading-title elementor-size-default\">FUCKING BURNOUT<\/h2>\t\t\t\t<\/div>\n\t\t\t\t<\/div>\n\t\t\t\t<div class=\"elementor-element elementor-element-611a643 elementor-widget elementor-widget-heading\" data-id=\"611a643\" data-element_type=\"widget\" data-e-type=\"widget\" data-widget_type=\"heading.default\">\n\t\t\t\t<div class=\"elementor-widget-container\">\n\t\t\t\t\t<h2 class=\"elementor-heading-title elementor-size-default\">S\u00e9rie renouvelable 10x30\u2019, en d\u00e9veloppement<\/h2>\t\t\t\t<\/div>\n\t\t\t\t<\/div>\n\t\t\t\t<div class=\"elementor-element elementor-element-796bac0 elementor-widget elementor-widget-text-editor\" data-id=\"796bac0\" data-element_type=\"widget\" data-e-type=\"widget\" data-widget_type=\"text-editor.default\">\n\t\t\t\t<div class=\"elementor-widget-container\">\n\t\t\t\t\t\t\t\t\t<p><em><span style=\"font-weight: 400;\">St\u00e9phane a la quarantaine pass\u00e9e lorsqu\u2019il pose son premier arr\u00eat maladie. Burnout. Mais tout ce qu\u2019il sait faire, c\u2019est travailler. D\u00e9sesp\u00e9r\u00e9, le brillant cadre sup\u00e9rieur en ing\u00e9nierie se retrouve seul dans son quartier de banlieue en pleine gentrification. La perspective de retourner travailler au plus vite se complique lorsqu\u2019il trouve un colis devant sa porte : Vanille, un chiot pitbull hargneux qui ruine son planning millim\u00e9tr\u00e9 et le confronte \u00e0 des personnes \u00e0 qui il n\u2019aurait jamais d\u00fb parler de sa vie. Notamment Fab, un community manager de la gen Z, avec qui St\u00e9phane se lance dans un trafic de drogues \u00e0 but m\u00e9dicinales. En devenant la r\u00e9f\u00e9rence du quartier, St\u00e9phane se met les pontes du deal sur le dos et oublie qu\u2019il est en convalescence. Il ne r\u00e9alise pas que le jour o\u00f9 ses aventures seront termin\u00e9es, il devra retourner au travail.<\/span><\/em><\/p>\t\t\t\t\t\t\t\t<\/div>\n\t\t\t\t<\/div>\n\t\t\t\t<div class=\"elementor-element elementor-element-b6199ee elementor-widget elementor-widget-heading\" data-id=\"b6199ee\" data-element_type=\"widget\" data-e-type=\"widget\" data-widget_type=\"heading.default\">\n\t\t\t\t<div class=\"elementor-widget-container\">\n\t\t\t\t\t<h2 class=\"elementor-heading-title elementor-size-default\">Produit par Kometa Films<br>\nGenre: Com\u00e9die d\u2019action<\/h2>\t\t\t\t<\/div>\n\t\t\t\t<\/div>\n\t\t\t\t<div class=\"elementor-element elementor-element-eab7ffe elementor-align-left elementor-widget elementor-widget-button\" data-id=\"eab7ffe\" data-element_type=\"widget\" data-e-type=\"widget\" data-widget_type=\"button.default\">\n\t\t\t\t<div class=\"elementor-widget-container\">\n\t\t\t\t\t\t\t\t\t<div class=\"elementor-button-wrapper\">\n\t\t\t\t\t<a class=\"elementor-button elementor-button-link elementor-size-md\" href=\"http:\/\/www.kometafilms.com\/fr\/projects\/\">\n\t\t\t\t\t\t<span class=\"elementor-button-content-wrapper\">\n\t\t\t\t\t\t<span class=\"elementor-button-icon\">\n\t\t\t\t<svg xmlns=\"http:\/\/www.w3.org\/2000\/svg\" viewbox=\"0 0 66.71 72.28\"><defs><style>.cls-1{fill:#e52922;}<\/style><\/defs><g id=\"Calque_2\" data-name=\"Calque 2\"><g id=\"Calque_1-2\" data-name=\"Calque 1\"><path class=\"cls-1\" d=\"M.62,72.28,66.71,35.13,0,0Z\"><\/path><\/g><\/g><\/svg>\t\t\t<\/span>\n\t\t\t\t\t\t\t\t\t<span class=\"elementor-button-text\">Retourner aux projets<\/span>\n\t\t\t\t\t<\/span>\n\t\t\t\t\t<\/a>\n\t\t\t\t<\/div>\n\t\t\t\t\t\t\t\t<\/div>\n\t\t\t\t<\/div>\n\t\t\t\t\t<\/div>\n\t\t<\/div>\n\t\t\t\t\t<\/div>\n\t\t<\/section>\n\t\t\t\t<\/div>","protected":false},"excerpt":{"rendered":"<p>FUCKING BURNOUT 10&#215;30&#8242; renewable series, in development St\u00e9phane is well into his forties when he takes his first sick leave. Burnout. But the only thing he\u2019s ever known how to do is work. Lost and restless, this brilliant senior engineering exec suddenly finds himself alone in his rapidly gentrifying suburban neighborhood. His plan to get [&hellip;]<\/p>\n","protected":false},"author":1,"featured_media":0,"parent":0,"menu_order":0,"comment_status":"closed","ping_status":"closed","template":"elementor_header_footer","meta":{"footnotes":""},"class_list":["post-1806","page","type-page","status-publish","hentry"],"_links":{"self":[{"href":"https:\/\/www.kometafilms.com\/fr\/wp-json\/wp\/v2\/pages\/1806","targetHints":{"allow":["GET"]}}],"collection":[{"href":"https:\/\/www.kometafilms.com\/fr\/wp-json\/wp\/v2\/pages"}],"about":[{"href":"https:\/\/www.kometafilms.com\/fr\/wp-json\/wp\/v2\/types\/page"}],"author":[{"embeddable":true,"href":"https:\/\/www.kometafilms.com\/fr\/wp-json\/wp\/v2\/users\/1"}],"replies":[{"embeddable":true,"href":"https:\/\/www.kometafilms.com\/fr\/wp-json\/wp\/v2\/comments?post=1806"}],"version-history":[{"count":22,"href":"https:\/\/www.kometafilms.com\/fr\/wp-json\/wp\/v2\/pages\/1806\/revisions"}],"predecessor-version":[{"id":2427,"href":"https:\/\/www.kometafilms.com\/fr\/wp-json\/wp\/v2\/pages\/1806\/revisions\/2427"}],"wp:attachment":[{"href":"https:\/\/www.kometafilms.com\/fr\/wp-json\/wp\/v2\/media?parent=1806"}],"curies":[{"name":"wp","href":"https:\/\/api.w.org\/{rel}","templated":true}]}}