{"id":275,"date":"2020-10-10T09:18:35","date_gmt":"2020-10-10T09:18:35","guid":{"rendered":"http:\/\/www.kometafilms.com\/?page_id=275"},"modified":"2020-11-17T19:17:33","modified_gmt":"2020-11-17T19:17:33","slug":"shadowlighteninthemirror","status":"publish","type":"page","link":"https:\/\/www.kometafilms.com\/fr\/shadowlighteninthemirror\/","title":{"rendered":"SHADOWLIGHTENINTHEMIRROR"},"content":{"rendered":"<div data-elementor-type=\"wp-page\" data-elementor-id=\"275\" class=\"elementor elementor-275\">\n\t\t\t\t\t\t<section class=\"elementor-section elementor-top-section elementor-element elementor-element-5c92deb elementor-section-content-middle elementor-section-boxed elementor-section-height-default elementor-section-height-default\" data-id=\"5c92deb\" data-element_type=\"section\" data-e-type=\"section\">\n\t\t\t\t\t\t<div class=\"elementor-container elementor-column-gap-no\">\n\t\t\t\t\t<div class=\"elementor-column elementor-col-100 elementor-top-column elementor-element elementor-element-1da725f\" data-id=\"1da725f\" data-element_type=\"column\" data-e-type=\"column\">\n\t\t\t<div class=\"elementor-widget-wrap elementor-element-populated\">\n\t\t\t\t\t\t<div class=\"elementor-element elementor-element-359c1ae elementor-widget elementor-widget-image\" data-id=\"359c1ae\" data-element_type=\"widget\" data-e-type=\"widget\" data-widget_type=\"image.default\">\n\t\t\t\t<div class=\"elementor-widget-container\">\n\t\t\t\t\t\t\t\t\t\t\t\t\t\t\t<img fetchpriority=\"high\" decoding=\"async\" width=\"1920\" height=\"1080\" src=\"https:\/\/www.kometafilms.com\/wp-content\/uploads\/2020\/10\/21.jpg\" class=\"attachment-full size-full wp-image-431\" alt=\"\" srcset=\"https:\/\/www.kometafilms.com\/wp-content\/uploads\/2020\/10\/21.jpg 1920w, https:\/\/www.kometafilms.com\/wp-content\/uploads\/2020\/10\/21-300x169.jpg 300w, https:\/\/www.kometafilms.com\/wp-content\/uploads\/2020\/10\/21-1024x576.jpg 1024w, https:\/\/www.kometafilms.com\/wp-content\/uploads\/2020\/10\/21-768x432.jpg 768w, https:\/\/www.kometafilms.com\/wp-content\/uploads\/2020\/10\/21-1536x864.jpg 1536w, https:\/\/www.kometafilms.com\/wp-content\/uploads\/2020\/10\/21-1200x675.jpg 1200w\" sizes=\"(max-width: 1920px) 100vw, 1920px\" \/>\t\t\t\t\t\t\t\t\t\t\t\t\t\t\t<\/div>\n\t\t\t\t<\/div>\n\t\t\t\t<div class=\"elementor-element elementor-element-27cb1a1 elementor-widget elementor-widget-heading\" data-id=\"27cb1a1\" data-element_type=\"widget\" data-e-type=\"widget\" data-widget_type=\"heading.default\">\n\t\t\t\t<div class=\"elementor-widget-container\">\n\t\t\t\t\t<h2 class=\"elementor-heading-title elementor-size-default\">LES OMBRES PRENNENT DES COULEURS DANS LE MIROIR<\/h2>\t\t\t\t<\/div>\n\t\t\t\t<\/div>\n\t\t\t\t<div class=\"elementor-element elementor-element-d5ba2f8 elementor-widget elementor-widget-heading\" data-id=\"d5ba2f8\" data-element_type=\"widget\" data-e-type=\"widget\" data-widget_type=\"heading.default\">\n\t\t\t\t<div class=\"elementor-widget-container\">\n\t\t\t\t\t<h2 class=\"elementor-heading-title elementor-size-default\">R\u00e9alisation : Diako Yazdani<br>\n37 min, 2012<br>\nAvec: Kavei Oveisi, Shaho Rostami\n<\/h2>\t\t\t\t<\/div>\n\t\t\t\t<\/div>\n\t\t\t\t<div class=\"elementor-element elementor-element-59e1795 elementor-widget elementor-widget-text-editor\" data-id=\"59e1795\" data-element_type=\"widget\" data-e-type=\"widget\" data-widget_type=\"text-editor.default\">\n\t\t\t\t<div class=\"elementor-widget-container\">\n\t\t\t\t\t\t\t\t\t<p><em>Deux fr\u00e8res se retrouvent \u00e0 T\u00e9h\u00e9ran. L\u2019un a quitt\u00e9 leur Kurdistan natal depuis longtemps, l\u2019autre en arrive. Tout les r\u00e9unit et les s\u00e9pare \u00e0 la fois. Apr\u00e8s deux semaines de confrontation dans un appartement quelque part en ville, ils vont imperceptiblement \u00e9changer leurs places.<\/em><\/p>\t\t\t\t\t\t\t\t<\/div>\n\t\t\t\t<\/div>\n\t\t\t\t<div class=\"elementor-element elementor-element-0fc09a0 elementor-widget elementor-widget-heading\" data-id=\"0fc09a0\" data-element_type=\"widget\" data-e-type=\"widget\" data-widget_type=\"heading.default\">\n\t\t\t\t<div class=\"elementor-widget-container\">\n\t\t\t\t\t<h2 class=\"elementor-heading-title elementor-size-default\">Avec le soutien du d\u00e9partement de Seine-Saint-Denis, Cin\u00e9 93.<br><br>\n \nPremiers Plans Films Festival  (en comp\u00e9tition, 2013)  \/  Cot\u00e9-Court Film Festival (2013)  \/  Prix de Qualit\u00e9 \u2013 CNC (2013)  \/  Prix Unifrance \u2013 Aide pour la distribution internationale etc.<\/h2>\t\t\t\t<\/div>\n\t\t\t\t<\/div>\n\t\t\t\t<div class=\"elementor-element elementor-element-c10b949 elementor-align-left elementor-widget elementor-widget-button\" data-id=\"c10b949\" data-element_type=\"widget\" data-e-type=\"widget\" data-widget_type=\"button.default\">\n\t\t\t\t<div class=\"elementor-widget-container\">\n\t\t\t\t\t\t\t\t\t<div class=\"elementor-button-wrapper\">\n\t\t\t\t\t<a class=\"elementor-button elementor-button-link elementor-size-md\" href=\"http:\/\/www.kometafilms.com\/fr\/projects\/\">\n\t\t\t\t\t\t<span class=\"elementor-button-content-wrapper\">\n\t\t\t\t\t\t<span class=\"elementor-button-icon\">\n\t\t\t\t<svg xmlns=\"http:\/\/www.w3.org\/2000\/svg\" viewbox=\"0 0 66.71 72.28\"><defs><style>.cls-1{fill:#e52922;}<\/style><\/defs><g id=\"Calque_2\" data-name=\"Calque 2\"><g id=\"Calque_1-2\" data-name=\"Calque 1\"><path class=\"cls-1\" d=\"M.62,72.28,66.71,35.13,0,0Z\"><\/path><\/g><\/g><\/svg>\t\t\t<\/span>\n\t\t\t\t\t\t\t\t\t<span class=\"elementor-button-text\">Retourner aux projets<\/span>\n\t\t\t\t\t<\/span>\n\t\t\t\t\t<\/a>\n\t\t\t\t<\/div>\n\t\t\t\t\t\t\t\t<\/div>\n\t\t\t\t<\/div>\n\t\t\t\t\t<\/div>\n\t\t<\/div>\n\t\t\t\t\t<\/div>\n\t\t<\/section>\n\t\t\t\t<\/div>","protected":false},"excerpt":{"rendered":"<p>SHADOWS LIGHTEN IN THE MIRROR Directed by Diako Yazdani 37 min, 2012 With Kavei Oveisi Shaho Rostami Two Kurdish brothers meet in Tehran. One left Kurdistan a long time ago, while the other only just recently . They seem to have both so much and so little\u00a0 in common. After two weeks in a small [&hellip;]<\/p>\n","protected":false},"author":1,"featured_media":0,"parent":0,"menu_order":0,"comment_status":"closed","ping_status":"open","template":"elementor_header_footer","meta":{"footnotes":""},"class_list":["post-275","page","type-page","status-publish","hentry"],"_links":{"self":[{"href":"https:\/\/www.kometafilms.com\/fr\/wp-json\/wp\/v2\/pages\/275","targetHints":{"allow":["GET"]}}],"collection":[{"href":"https:\/\/www.kometafilms.com\/fr\/wp-json\/wp\/v2\/pages"}],"about":[{"href":"https:\/\/www.kometafilms.com\/fr\/wp-json\/wp\/v2\/types\/page"}],"author":[{"embeddable":true,"href":"https:\/\/www.kometafilms.com\/fr\/wp-json\/wp\/v2\/users\/1"}],"replies":[{"embeddable":true,"href":"https:\/\/www.kometafilms.com\/fr\/wp-json\/wp\/v2\/comments?post=275"}],"version-history":[{"count":20,"href":"https:\/\/www.kometafilms.com\/fr\/wp-json\/wp\/v2\/pages\/275\/revisions"}],"predecessor-version":[{"id":726,"href":"https:\/\/www.kometafilms.com\/fr\/wp-json\/wp\/v2\/pages\/275\/revisions\/726"}],"wp:attachment":[{"href":"https:\/\/www.kometafilms.com\/fr\/wp-json\/wp\/v2\/media?parent=275"}],"curies":[{"name":"wp","href":"https:\/\/api.w.org\/{rel}","templated":true}]}}