{"id":288,"date":"2020-10-10T09:44:00","date_gmt":"2020-10-10T09:44:00","guid":{"rendered":"http:\/\/www.kometafilms.com\/?page_id=288"},"modified":"2021-05-19T16:10:35","modified_gmt":"2021-05-19T16:10:35","slug":"abitterend","status":"publish","type":"page","link":"https:\/\/www.kometafilms.com\/fr\/abitterend\/","title":{"rendered":"ABitterEnd"},"content":{"rendered":"<div data-elementor-type=\"wp-page\" data-elementor-id=\"288\" class=\"elementor elementor-288\">\n\t\t\t\t\t\t<section class=\"elementor-section elementor-top-section elementor-element elementor-element-bedbf47 elementor-section-content-middle elementor-section-boxed elementor-section-height-default elementor-section-height-default\" data-id=\"bedbf47\" data-element_type=\"section\" data-e-type=\"section\">\n\t\t\t\t\t\t<div class=\"elementor-container elementor-column-gap-no\">\n\t\t\t\t\t<div class=\"elementor-column elementor-col-100 elementor-top-column elementor-element elementor-element-1ef14c1\" data-id=\"1ef14c1\" data-element_type=\"column\" data-e-type=\"column\">\n\t\t\t<div class=\"elementor-widget-wrap elementor-element-populated\">\n\t\t\t\t\t\t<div class=\"elementor-element elementor-element-b471620 elementor-widget elementor-widget-image\" data-id=\"b471620\" data-element_type=\"widget\" data-e-type=\"widget\" data-widget_type=\"image.default\">\n\t\t\t\t<div class=\"elementor-widget-container\">\n\t\t\t\t\t\t\t\t\t\t\t\t\t\t\t<img fetchpriority=\"high\" decoding=\"async\" width=\"1920\" height=\"1080\" src=\"https:\/\/www.kometafilms.com\/wp-content\/uploads\/2020\/10\/12.jpg\" class=\"attachment-full size-full wp-image-430\" alt=\"\" srcset=\"https:\/\/www.kometafilms.com\/wp-content\/uploads\/2020\/10\/12.jpg 1920w, https:\/\/www.kometafilms.com\/wp-content\/uploads\/2020\/10\/12-300x169.jpg 300w, https:\/\/www.kometafilms.com\/wp-content\/uploads\/2020\/10\/12-1024x576.jpg 1024w, https:\/\/www.kometafilms.com\/wp-content\/uploads\/2020\/10\/12-768x432.jpg 768w, https:\/\/www.kometafilms.com\/wp-content\/uploads\/2020\/10\/12-1536x864.jpg 1536w, https:\/\/www.kometafilms.com\/wp-content\/uploads\/2020\/10\/12-1200x675.jpg 1200w\" sizes=\"(max-width: 1920px) 100vw, 1920px\" \/>\t\t\t\t\t\t\t\t\t\t\t\t\t\t\t<\/div>\n\t\t\t\t<\/div>\n\t\t\t\t<div class=\"elementor-element elementor-element-f0febca elementor-widget elementor-widget-heading\" data-id=\"f0febca\" data-element_type=\"widget\" data-e-type=\"widget\" data-widget_type=\"heading.default\">\n\t\t\t\t<div class=\"elementor-widget-container\">\n\t\t\t\t\t<h2 class=\"elementor-heading-title elementor-size-default\">\u00c0 LA LONGUE<\/h2>\t\t\t\t<\/div>\n\t\t\t\t<\/div>\n\t\t\t\t<div class=\"elementor-element elementor-element-c01b0c5 elementor-widget elementor-widget-heading\" data-id=\"c01b0c5\" data-element_type=\"widget\" data-e-type=\"widget\" data-widget_type=\"heading.default\">\n\t\t\t\t<div class=\"elementor-widget-container\">\n\t\t\t\t\t<h2 class=\"elementor-heading-title elementor-size-default\">R\u00e9alisation : Sylvain Pioutaz<br>\n23 min, 2012<br>\nAvec :H\u00e9l\u00e8ne Schwaller, Marie Seux, Marie Bruckmann, Pierre Carrive, Fran\u00e7oise F\u00e9licit\u00e9, Thibault Wacksmann, Christian Waldner, Xavier Boulanger, Luc Schillinger <\/h2>\t\t\t\t<\/div>\n\t\t\t\t<\/div>\n\t\t\t\t<div class=\"elementor-element elementor-element-c7cf79e elementor-widget elementor-widget-text-editor\" data-id=\"c7cf79e\" data-element_type=\"widget\" data-e-type=\"widget\" data-widget_type=\"text-editor.default\">\n\t\t\t\t<div class=\"elementor-widget-container\">\n\t\t\t\t\t\t\t\t\t<p><em>Quelque part en France, une usine va fermer ses portes. Les 150 ouvriers sont licenci\u00e9s, apr\u00e8s des semaines de n\u00e9gociations. Pour eux, l'avenir c'est un plan de reclassement auquel personne ne croit, et des indemnit\u00e9s de licenciement tr\u00e8s minces. C'est parce qu'ils refusent cet avenir-l\u00e0 que neuf ouvriers d\u00e9cident de prendre en otage le PDG du groupe auquel appartient leur usine. Enferm\u00e9s pendant cette nuit d\u00e9cisive, chacun des neuf ouvriers va faire face \u00e0 ses propres doutes, \u00e0 ses propres questions... et chacun d'eux va savoir jusqu'o\u00f9 il est pr\u00eat \u00e0 aller.<\/em><\/p>\t\t\t\t\t\t\t\t<\/div>\n\t\t\t\t<\/div>\n\t\t\t\t<div class=\"elementor-element elementor-element-2ff1759 elementor-widget elementor-widget-heading\" data-id=\"2ff1759\" data-element_type=\"widget\" data-e-type=\"widget\" data-widget_type=\"heading.default\">\n\t\t\t\t<div class=\"elementor-widget-container\">\n\t\t\t\t\t<h2 class=\"elementor-heading-title elementor-size-default\">Avec le soutien de la r\u00e9gion Alsace et de la Communaut\u00e9 urbaine de Strasbourg. <br><br>Meilleur sc\u00e9nario, r\u00e9compens\u00e9 au BEAUMARCHAIS \/ Mention sp\u00e9ciale \u2013 Ebensee Nations of Festival (2012) \/ Festival Silence, on court ! (2012) \/ Festival International du Court M\u00e9trage de Lille (2012) \/ Alcala de Henares Cinema Festival (2012) \/ Un Poing, c\u2019est Court w Vaux-en-Velin Festival (2012)<\/h2>\t\t\t\t<\/div>\n\t\t\t\t<\/div>\n\t\t\t\t<div class=\"elementor-element elementor-element-df53d9b elementor-align-left elementor-widget elementor-widget-button\" data-id=\"df53d9b\" data-element_type=\"widget\" data-e-type=\"widget\" data-widget_type=\"button.default\">\n\t\t\t\t<div class=\"elementor-widget-container\">\n\t\t\t\t\t\t\t\t\t<div class=\"elementor-button-wrapper\">\n\t\t\t\t\t<a class=\"elementor-button elementor-button-link elementor-size-md\" href=\"http:\/\/www.kometafilms.com\/fr\/projects\/\">\n\t\t\t\t\t\t<span class=\"elementor-button-content-wrapper\">\n\t\t\t\t\t\t<span class=\"elementor-button-icon\">\n\t\t\t\t<svg xmlns=\"http:\/\/www.w3.org\/2000\/svg\" viewbox=\"0 0 66.71 72.28\"><defs><style>.cls-1{fill:#e52922;}<\/style><\/defs><g id=\"Calque_2\" data-name=\"Calque 2\"><g id=\"Calque_1-2\" data-name=\"Calque 1\"><path class=\"cls-1\" d=\"M.62,72.28,66.71,35.13,0,0Z\"><\/path><\/g><\/g><\/svg>\t\t\t<\/span>\n\t\t\t\t\t\t\t\t\t<span class=\"elementor-button-text\">Retourner aux projets<\/span>\n\t\t\t\t\t<\/span>\n\t\t\t\t\t<\/a>\n\t\t\t\t<\/div>\n\t\t\t\t\t\t\t\t<\/div>\n\t\t\t\t<\/div>\n\t\t\t\t\t<\/div>\n\t\t<\/div>\n\t\t\t\t\t<\/div>\n\t\t<\/section>\n\t\t\t\t<\/div>","protected":false},"excerpt":{"rendered":"<p>A BITTER END Directed by Sylvain Pioutaz 23 min, 2012 With: H\u00e9l\u00e8ne Schwaller, Marie Seux, Marie Bruckmann, Pierre Carrive, Fran\u00e7oise F\u00e9licit\u00e9, Thibault Wacksmann, Christian Waldner, Xavier Boulanger, Luc Schillinger Somewhere in France, a factory is about to be shut down, and its employees laid off. In despair, nine of them decide to hold the German [&hellip;]<\/p>\n","protected":false},"author":1,"featured_media":0,"parent":0,"menu_order":0,"comment_status":"closed","ping_status":"closed","template":"elementor_header_footer","meta":{"footnotes":""},"class_list":["post-288","page","type-page","status-publish","hentry"],"_links":{"self":[{"href":"https:\/\/www.kometafilms.com\/fr\/wp-json\/wp\/v2\/pages\/288","targetHints":{"allow":["GET"]}}],"collection":[{"href":"https:\/\/www.kometafilms.com\/fr\/wp-json\/wp\/v2\/pages"}],"about":[{"href":"https:\/\/www.kometafilms.com\/fr\/wp-json\/wp\/v2\/types\/page"}],"author":[{"embeddable":true,"href":"https:\/\/www.kometafilms.com\/fr\/wp-json\/wp\/v2\/users\/1"}],"replies":[{"embeddable":true,"href":"https:\/\/www.kometafilms.com\/fr\/wp-json\/wp\/v2\/comments?post=288"}],"version-history":[{"count":27,"href":"https:\/\/www.kometafilms.com\/fr\/wp-json\/wp\/v2\/pages\/288\/revisions"}],"predecessor-version":[{"id":831,"href":"https:\/\/www.kometafilms.com\/fr\/wp-json\/wp\/v2\/pages\/288\/revisions\/831"}],"wp:attachment":[{"href":"https:\/\/www.kometafilms.com\/fr\/wp-json\/wp\/v2\/media?parent=288"}],"curies":[{"name":"wp","href":"https:\/\/api.w.org\/{rel}","templated":true}]}}