{"id":290,"date":"2020-10-10T09:46:18","date_gmt":"2020-10-10T09:46:18","guid":{"rendered":"http:\/\/www.kometafilms.com\/?page_id=290"},"modified":"2020-11-17T19:13:57","modified_gmt":"2020-11-17T19:13:57","slug":"barehanded","status":"publish","type":"page","link":"https:\/\/www.kometafilms.com\/fr\/barehanded\/","title":{"rendered":"\u00c0 MAIN NUE"},"content":{"rendered":"<div data-elementor-type=\"wp-page\" data-elementor-id=\"290\" class=\"elementor elementor-290\">\n\t\t\t\t\t\t<section class=\"elementor-section elementor-top-section elementor-element elementor-element-df2a1ca elementor-section-content-middle elementor-section-boxed elementor-section-height-default elementor-section-height-default\" data-id=\"df2a1ca\" data-element_type=\"section\" data-e-type=\"section\">\n\t\t\t\t\t\t<div class=\"elementor-container elementor-column-gap-no\">\n\t\t\t\t\t<div class=\"elementor-column elementor-col-100 elementor-top-column elementor-element elementor-element-588d0e7\" data-id=\"588d0e7\" data-element_type=\"column\" data-e-type=\"column\">\n\t\t\t<div class=\"elementor-widget-wrap elementor-element-populated\">\n\t\t\t\t\t\t<div class=\"elementor-element elementor-element-049563e elementor-widget elementor-widget-image\" data-id=\"049563e\" data-element_type=\"widget\" data-e-type=\"widget\" data-widget_type=\"image.default\">\n\t\t\t\t<div class=\"elementor-widget-container\">\n\t\t\t\t\t\t\t\t\t\t\t\t\t\t\t<img fetchpriority=\"high\" decoding=\"async\" width=\"1920\" height=\"1080\" src=\"https:\/\/www.kometafilms.com\/wp-content\/uploads\/2020\/10\/13.jpg\" class=\"attachment-full size-full wp-image-432\" alt=\"\" srcset=\"https:\/\/www.kometafilms.com\/wp-content\/uploads\/2020\/10\/13.jpg 1920w, https:\/\/www.kometafilms.com\/wp-content\/uploads\/2020\/10\/13-300x169.jpg 300w, https:\/\/www.kometafilms.com\/wp-content\/uploads\/2020\/10\/13-1024x576.jpg 1024w, https:\/\/www.kometafilms.com\/wp-content\/uploads\/2020\/10\/13-768x432.jpg 768w, https:\/\/www.kometafilms.com\/wp-content\/uploads\/2020\/10\/13-1536x864.jpg 1536w, https:\/\/www.kometafilms.com\/wp-content\/uploads\/2020\/10\/13-1200x675.jpg 1200w\" sizes=\"(max-width: 1920px) 100vw, 1920px\" \/>\t\t\t\t\t\t\t\t\t\t\t\t\t\t\t<\/div>\n\t\t\t\t<\/div>\n\t\t\t\t<div class=\"elementor-element elementor-element-ac5ce85 elementor-widget elementor-widget-heading\" data-id=\"ac5ce85\" data-element_type=\"widget\" data-e-type=\"widget\" data-widget_type=\"heading.default\">\n\t\t\t\t<div class=\"elementor-widget-container\">\n\t\t\t\t\t<h2 class=\"elementor-heading-title elementor-size-default\">\u00c0 MAIN NUE<\/h2>\t\t\t\t<\/div>\n\t\t\t\t<\/div>\n\t\t\t\t<div class=\"elementor-element elementor-element-eea2623 elementor-widget elementor-widget-heading\" data-id=\"eea2623\" data-element_type=\"widget\" data-e-type=\"widget\" data-widget_type=\"heading.default\">\n\t\t\t\t<div class=\"elementor-widget-container\">\n\t\t\t\t\t<h2 class=\"elementor-heading-title elementor-size-default\">R\u00e9alisation :  Guillaume Foresti et St\u00e9phane Demoustier<br>\nEn coproduction avec Ann\u00e9e Z\u00e9ro<br>\n16 min, 2010<br>\nAvec: Arly Jover, Marc Barb\u00e9<\/h2>\t\t\t\t<\/div>\n\t\t\t\t<\/div>\n\t\t\t\t<div class=\"elementor-element elementor-element-85ee298 elementor-widget elementor-widget-text-editor\" data-id=\"85ee298\" data-element_type=\"widget\" data-e-type=\"widget\" data-widget_type=\"text-editor.default\">\n\t\t\t\t<div class=\"elementor-widget-container\">\n\t\t\t\t\t\t\t\t\t<p><em>Dans le bus, Dina est sous l'emprise incontr\u00f4lable de la volont\u00e9 de ses mains : malgr\u00e9 elle, sa main se met \u00e0 caresser la main d'un inconnu, Luc. Celui-ci traduit cette attitude comme une avance et tente d'\u00e9tablir un contact plus pouss\u00e9 avec Dina.<\/em><\/p>\t\t\t\t\t\t\t\t<\/div>\n\t\t\t\t<\/div>\n\t\t\t\t<div class=\"elementor-element elementor-element-1ba7df0 elementor-widget elementor-widget-heading\" data-id=\"1ba7df0\" data-element_type=\"widget\" data-e-type=\"widget\" data-widget_type=\"heading.default\">\n\t\t\t\t<div class=\"elementor-widget-container\">\n\t\t\t\t\t<h2 class=\"elementor-heading-title elementor-size-default\">Diffusion : France 3<br>\nVente internationale : Ego\u00efste T\u00e9l\u00e9vision (Russia). Distribution : RADI (France)<br>Avec le soutien de COSIP, Centre Images - R\u00e9gion Centre et la Ville de Paris, Procirep Angoa.<br><br>Brooklyn IFF (2010)  \/  Festival de Cine Huesca (Espagne, 2010)  \/  AZA Short Film Festival (Gr\u00e8ce, 2010)  \/  World Film festival of Bangkok (2011)  \/  22nd Aguilar de Campo Short Film Festival (2011)  \/  13e Festival du film fran\u00e7ais \u00e0 Prague (2010)  \/  Festival europ\u00e9en de Brest (2010)  \/  Festival C'est trop court in Nice (2010)  \/  Cin\u00e9 sans filet \u00e0 Alet-les-Bains (2010)  \/  Festival Courts Courts de Tourtour (2010)  \/  Post Alley Film Festival (2010)  \/  13e Mecal International Short Film Festival (2011)  \/  Festival ffAT (2010)  \/  Festival du film fran\u00e7ais en Ukraine (2010)  \/  Fantasopoa International Fantastic Film Festival (2011)  \/  XII International Short Film Festival of Barcelona (2011)  \/  Festival Tournez Jeunesse (2011)  \/  International SFF \u00e0 Dresden (2011) etc.<\/h2>\t\t\t\t<\/div>\n\t\t\t\t<\/div>\n\t\t\t\t<div class=\"elementor-element elementor-element-2625089 elementor-align-left elementor-widget elementor-widget-button\" data-id=\"2625089\" data-element_type=\"widget\" data-e-type=\"widget\" data-widget_type=\"button.default\">\n\t\t\t\t<div class=\"elementor-widget-container\">\n\t\t\t\t\t\t\t\t\t<div class=\"elementor-button-wrapper\">\n\t\t\t\t\t<a class=\"elementor-button elementor-button-link elementor-size-md\" href=\"http:\/\/www.kometafilms.com\/fr\/projects\/\">\n\t\t\t\t\t\t<span class=\"elementor-button-content-wrapper\">\n\t\t\t\t\t\t<span class=\"elementor-button-icon\">\n\t\t\t\t<svg xmlns=\"http:\/\/www.w3.org\/2000\/svg\" viewbox=\"0 0 66.71 72.28\"><defs><style>.cls-1{fill:#e52922;}<\/style><\/defs><g id=\"Calque_2\" data-name=\"Calque 2\"><g id=\"Calque_1-2\" data-name=\"Calque 1\"><path class=\"cls-1\" d=\"M.62,72.28,66.71,35.13,0,0Z\"><\/path><\/g><\/g><\/svg>\t\t\t<\/span>\n\t\t\t\t\t\t\t\t\t<span class=\"elementor-button-text\">Retourner aux projets<\/span>\n\t\t\t\t\t<\/span>\n\t\t\t\t\t<\/a>\n\t\t\t\t<\/div>\n\t\t\t\t\t\t\t\t<\/div>\n\t\t\t\t<\/div>\n\t\t\t\t\t<\/div>\n\t\t<\/div>\n\t\t\t\t\t<\/div>\n\t\t<\/section>\n\t\t\t\t<\/div>","protected":false},"excerpt":{"rendered":"<p>BAREHANDED Directed by Guillaume Foresti and St\u00e9phane Demoustier Co-produced by Ann\u00e9e Z\u00e9ro 16 min, 2010 With: Arly Jover, Marc Barb\u00e9 On the bus, Dina is once again overwhelmed by the uncontrollable will power of her hands that start to fondle the hand of a perfect stranger, Luc. Luc mistakes Dina\u2019s behavior for flirting and seizes [&hellip;]<\/p>\n","protected":false},"author":1,"featured_media":0,"parent":0,"menu_order":0,"comment_status":"closed","ping_status":"closed","template":"elementor_header_footer","meta":{"footnotes":""},"class_list":["post-290","page","type-page","status-publish","hentry"],"_links":{"self":[{"href":"https:\/\/www.kometafilms.com\/fr\/wp-json\/wp\/v2\/pages\/290","targetHints":{"allow":["GET"]}}],"collection":[{"href":"https:\/\/www.kometafilms.com\/fr\/wp-json\/wp\/v2\/pages"}],"about":[{"href":"https:\/\/www.kometafilms.com\/fr\/wp-json\/wp\/v2\/types\/page"}],"author":[{"embeddable":true,"href":"https:\/\/www.kometafilms.com\/fr\/wp-json\/wp\/v2\/users\/1"}],"replies":[{"embeddable":true,"href":"https:\/\/www.kometafilms.com\/fr\/wp-json\/wp\/v2\/comments?post=290"}],"version-history":[{"count":15,"href":"https:\/\/www.kometafilms.com\/fr\/wp-json\/wp\/v2\/pages\/290\/revisions"}],"predecessor-version":[{"id":724,"href":"https:\/\/www.kometafilms.com\/fr\/wp-json\/wp\/v2\/pages\/290\/revisions\/724"}],"wp:attachment":[{"href":"https:\/\/www.kometafilms.com\/fr\/wp-json\/wp\/v2\/media?parent=290"}],"curies":[{"name":"wp","href":"https:\/\/api.w.org\/{rel}","templated":true}]}}