{"id":292,"date":"2020-10-10T09:47:02","date_gmt":"2020-10-10T09:47:02","guid":{"rendered":"http:\/\/www.kometafilms.com\/?page_id=292"},"modified":"2020-11-17T19:18:31","modified_gmt":"2020-11-17T19:18:31","slug":"whatcaniwishbeforethefight","status":"publish","type":"page","link":"https:\/\/www.kometafilms.com\/fr\/whatcaniwishbeforethefight\/","title":{"rendered":"WhatCanIwishBeforeTheFight?"},"content":{"rendered":"<div data-elementor-type=\"wp-page\" data-elementor-id=\"292\" class=\"elementor elementor-292\">\n\t\t\t\t\t\t<section class=\"elementor-section elementor-top-section elementor-element elementor-element-2184b1d elementor-section-content-middle elementor-section-boxed elementor-section-height-default elementor-section-height-default\" data-id=\"2184b1d\" data-element_type=\"section\" data-e-type=\"section\">\n\t\t\t\t\t\t<div class=\"elementor-container elementor-column-gap-no\">\n\t\t\t\t\t<div class=\"elementor-column elementor-col-100 elementor-top-column elementor-element elementor-element-40eb66b\" data-id=\"40eb66b\" data-element_type=\"column\" data-e-type=\"column\">\n\t\t\t<div class=\"elementor-widget-wrap elementor-element-populated\">\n\t\t\t\t\t\t<div class=\"elementor-element elementor-element-898997d elementor-widget elementor-widget-image\" data-id=\"898997d\" data-element_type=\"widget\" data-e-type=\"widget\" data-widget_type=\"image.default\">\n\t\t\t\t<div class=\"elementor-widget-container\">\n\t\t\t\t\t\t\t\t\t\t\t\t\t\t\t<img fetchpriority=\"high\" decoding=\"async\" width=\"1920\" height=\"1080\" src=\"https:\/\/www.kometafilms.com\/wp-content\/uploads\/2020\/10\/24.jpg\" class=\"attachment-full size-full wp-image-433\" alt=\"\" srcset=\"https:\/\/www.kometafilms.com\/wp-content\/uploads\/2020\/10\/24.jpg 1920w, https:\/\/www.kometafilms.com\/wp-content\/uploads\/2020\/10\/24-300x169.jpg 300w, https:\/\/www.kometafilms.com\/wp-content\/uploads\/2020\/10\/24-1024x576.jpg 1024w, https:\/\/www.kometafilms.com\/wp-content\/uploads\/2020\/10\/24-768x432.jpg 768w, https:\/\/www.kometafilms.com\/wp-content\/uploads\/2020\/10\/24-1536x864.jpg 1536w, https:\/\/www.kometafilms.com\/wp-content\/uploads\/2020\/10\/24-1200x675.jpg 1200w\" sizes=\"(max-width: 1920px) 100vw, 1920px\" \/>\t\t\t\t\t\t\t\t\t\t\t\t\t\t\t<\/div>\n\t\t\t\t<\/div>\n\t\t\t\t<div class=\"elementor-element elementor-element-96d02ab elementor-widget elementor-widget-heading\" data-id=\"96d02ab\" data-element_type=\"widget\" data-e-type=\"widget\" data-widget_type=\"heading.default\">\n\t\t\t\t<div class=\"elementor-widget-container\">\n\t\t\t\t\t<h2 class=\"elementor-heading-title elementor-size-default\">QUE PUIS-JE TE SOUHAITER AVANT LE COMBAT?<\/h2>\t\t\t\t<\/div>\n\t\t\t\t<\/div>\n\t\t\t\t<div class=\"elementor-element elementor-element-93f0011 elementor-widget elementor-widget-heading\" data-id=\"93f0011\" data-element_type=\"widget\" data-e-type=\"widget\" data-widget_type=\"heading.default\">\n\t\t\t\t<div class=\"elementor-widget-container\">\n\t\t\t\t\t<h2 class=\"elementor-heading-title elementor-size-default\">R\u00e9alisation :  Sofia Babluani<br>\n15 min, 2012<br>\nAvec : Aziza Arslanova, Liana Babluani, Nastassia Legrand, Jean-Louis Coulloc\u2019h, \u00c9lodie Chanut, Christophe Davis<\/h2>\t\t\t\t<\/div>\n\t\t\t\t<\/div>\n\t\t\t\t<div class=\"elementor-element elementor-element-9ec9e13 elementor-widget elementor-widget-text-editor\" data-id=\"9ec9e13\" data-element_type=\"widget\" data-e-type=\"widget\" data-widget_type=\"text-editor.default\">\n\t\t\t\t<div class=\"elementor-widget-container\">\n\t\t\t\t\t\t\t\t\t<p><em>Marie, adopt\u00e9e dans son enfance, vit avec son p\u00e8re et sa petite s\u0153ur dans une ferme isol\u00e9e. Elle partage son existence entre sa vie d'adolescente et son r\u00f4le de m\u00e8re de famille. L'arriv\u00e9e de l'\u00e9trang\u00e8re en fugue \u00e0 la ferme va bouleverser son destin.<\/em><\/p>\t\t\t\t\t\t\t\t<\/div>\n\t\t\t\t<\/div>\n\t\t\t\t<div class=\"elementor-element elementor-element-988622f elementor-widget elementor-widget-heading\" data-id=\"988622f\" data-element_type=\"widget\" data-e-type=\"widget\" data-widget_type=\"heading.default\">\n\t\t\t\t<div class=\"elementor-widget-container\">\n\t\t\t\t\t<h2 class=\"elementor-heading-title elementor-size-default\">Diffusion : ARTE France, TV Argentine, KWED aux USA.<br> \nAvec le soutien de la R\u00e9gion Bourgogne et de Procirep-Angoa.<br><br>\n \nFestival Conviviales de Nannay (2012)  \/  Festival des Films du Monde (Canada, 2012)  \/  Festival Europ\u00e9en de Brest (2012)  \/  Festival de Malescorto (Italie, 2012)  \/  Ghent International Film Festival (Belgique, 2012)  \/  Festival du Cin\u00e9ma francophone en Acadie (Canada, 2012)  \/  T\u00fcbingen-Stuttgart Festival (Allemagne, 2012)  \/  Festival du Film Fra\u00e7ais \u00e0 Prague (2012)  \/  New Filmmakers, New Films Festival in New York (2013)  \/  Palm Springs Film Festival (2013)  \/  Nouveaux Cin\u00e9mas (2013)  \/  Parties de Campagne d\u2019Ouroux-en-Morvan (2013)  \/  Mention sp\u00e9ciale - Festival International du court-m\u00e9trage Capalbio Cinema (Italie, 2012)  \/  Grand Prix - Fen\u00eatres sur Courts Festival de Dijon (2012)  \/  Prix du Meilleur Film Fran\u00e7ais - Festival Concours de Courts de Toulouse (2013)  \/  Mention sp\u00e9ciale - Festival BUFF de Malm\u00f6 (2013)  \/  Mention sp\u00e9ciale - Festival International de Dresden (2013) etc.<\/h2>\t\t\t\t<\/div>\n\t\t\t\t<\/div>\n\t\t\t\t<div class=\"elementor-element elementor-element-0151c41 elementor-align-left elementor-widget elementor-widget-button\" data-id=\"0151c41\" data-element_type=\"widget\" data-e-type=\"widget\" data-widget_type=\"button.default\">\n\t\t\t\t<div class=\"elementor-widget-container\">\n\t\t\t\t\t\t\t\t\t<div class=\"elementor-button-wrapper\">\n\t\t\t\t\t<a class=\"elementor-button elementor-button-link elementor-size-md\" href=\"http:\/\/www.kometafilms.com\/fr\/projects\/\">\n\t\t\t\t\t\t<span class=\"elementor-button-content-wrapper\">\n\t\t\t\t\t\t<span class=\"elementor-button-icon\">\n\t\t\t\t<svg xmlns=\"http:\/\/www.w3.org\/2000\/svg\" viewbox=\"0 0 66.71 72.28\"><defs><style>.cls-1{fill:#e52922;}<\/style><\/defs><g id=\"Calque_2\" data-name=\"Calque 2\"><g id=\"Calque_1-2\" data-name=\"Calque 1\"><path class=\"cls-1\" d=\"M.62,72.28,66.71,35.13,0,0Z\"><\/path><\/g><\/g><\/svg>\t\t\t<\/span>\n\t\t\t\t\t\t\t\t\t<span class=\"elementor-button-text\">Retourner aux projets<\/span>\n\t\t\t\t\t<\/span>\n\t\t\t\t\t<\/a>\n\t\t\t\t<\/div>\n\t\t\t\t\t\t\t\t<\/div>\n\t\t\t\t<\/div>\n\t\t\t\t\t<\/div>\n\t\t<\/div>\n\t\t\t\t\t<\/div>\n\t\t<\/section>\n\t\t\t\t<\/div>","protected":false},"excerpt":{"rendered":"<p>WHAT CAN I WISH YOU BEFORE THE FIGHT? Directed by Sofia Babluani 15 min, 2012 With: Aziza Arslanova, Liana Babluani, Nastassia Legrand, Jean-Louis Coulloc\u2019h, \u00c9lodie Chanut, Christophe Davis Marie was adopted when she was a child, and now lives with her father and sister in an isolated farm in France. Although she shows her attachment [&hellip;]<\/p>\n","protected":false},"author":1,"featured_media":0,"parent":0,"menu_order":0,"comment_status":"closed","ping_status":"closed","template":"elementor_header_footer","meta":{"footnotes":""},"class_list":["post-292","page","type-page","status-publish","hentry"],"_links":{"self":[{"href":"https:\/\/www.kometafilms.com\/fr\/wp-json\/wp\/v2\/pages\/292","targetHints":{"allow":["GET"]}}],"collection":[{"href":"https:\/\/www.kometafilms.com\/fr\/wp-json\/wp\/v2\/pages"}],"about":[{"href":"https:\/\/www.kometafilms.com\/fr\/wp-json\/wp\/v2\/types\/page"}],"author":[{"embeddable":true,"href":"https:\/\/www.kometafilms.com\/fr\/wp-json\/wp\/v2\/users\/1"}],"replies":[{"embeddable":true,"href":"https:\/\/www.kometafilms.com\/fr\/wp-json\/wp\/v2\/comments?post=292"}],"version-history":[{"count":15,"href":"https:\/\/www.kometafilms.com\/fr\/wp-json\/wp\/v2\/pages\/292\/revisions"}],"predecessor-version":[{"id":728,"href":"https:\/\/www.kometafilms.com\/fr\/wp-json\/wp\/v2\/pages\/292\/revisions\/728"}],"wp:attachment":[{"href":"https:\/\/www.kometafilms.com\/fr\/wp-json\/wp\/v2\/media?parent=292"}],"curies":[{"name":"wp","href":"https:\/\/api.w.org\/{rel}","templated":true}]}}