{"id":300,"date":"2020-10-10T20:09:14","date_gmt":"2020-10-10T20:09:14","guid":{"rendered":"http:\/\/www.kometafilms.com\/?page_id=300"},"modified":"2023-03-15T13:51:30","modified_gmt":"2023-03-15T13:51:30","slug":"anatomia","status":"publish","type":"page","link":"https:\/\/www.kometafilms.com\/fr\/anatomia\/","title":{"rendered":"Anatomia"},"content":{"rendered":"<div data-elementor-type=\"wp-page\" data-elementor-id=\"300\" class=\"elementor elementor-300\">\n\t\t\t\t\t\t<section class=\"elementor-section elementor-top-section elementor-element elementor-element-1366a08 elementor-section-content-middle elementor-section-boxed elementor-section-height-default elementor-section-height-default\" data-id=\"1366a08\" data-element_type=\"section\" data-e-type=\"section\">\n\t\t\t\t\t\t<div class=\"elementor-container elementor-column-gap-no\">\n\t\t\t\t\t<div class=\"elementor-column elementor-col-100 elementor-top-column elementor-element elementor-element-af37d8c\" data-id=\"af37d8c\" data-element_type=\"column\" data-e-type=\"column\">\n\t\t\t<div class=\"elementor-widget-wrap elementor-element-populated\">\n\t\t\t\t\t\t<div class=\"elementor-element elementor-element-c5328a2 elementor-widget elementor-widget-image\" data-id=\"c5328a2\" data-element_type=\"widget\" data-e-type=\"widget\" data-widget_type=\"image.default\">\n\t\t\t\t<div class=\"elementor-widget-container\">\n\t\t\t\t\t\t\t\t\t\t\t\t\t\t\t<img fetchpriority=\"high\" decoding=\"async\" width=\"986\" height=\"547\" src=\"https:\/\/www.kometafilms.com\/wp-content\/uploads\/2022\/09\/anatomia_logo_venise_blanc-e1663321897817.jpg\" class=\"attachment-full size-full wp-image-1221\" alt=\"\" srcset=\"https:\/\/www.kometafilms.com\/wp-content\/uploads\/2022\/09\/anatomia_logo_venise_blanc-e1663321897817.jpg 986w, https:\/\/www.kometafilms.com\/wp-content\/uploads\/2022\/09\/anatomia_logo_venise_blanc-e1663321897817-300x166.jpg 300w, https:\/\/www.kometafilms.com\/wp-content\/uploads\/2022\/09\/anatomia_logo_venise_blanc-e1663321897817-768x426.jpg 768w, https:\/\/www.kometafilms.com\/wp-content\/uploads\/2022\/09\/anatomia_logo_venise_blanc-e1663321897817-16x9.jpg 16w\" sizes=\"(max-width: 986px) 100vw, 986px\" \/>\t\t\t\t\t\t\t\t\t\t\t\t\t\t\t<\/div>\n\t\t\t\t<\/div>\n\t\t\t\t<div class=\"elementor-element elementor-element-2c405b2 elementor-widget elementor-widget-heading\" data-id=\"2c405b2\" data-element_type=\"widget\" data-e-type=\"widget\" data-widget_type=\"heading.default\">\n\t\t\t\t<div class=\"elementor-widget-container\">\n\t\t\t\t\t<h2 class=\"elementor-heading-title elementor-size-default\">ANATOMIA<\/h2>\t\t\t\t<\/div>\n\t\t\t\t<\/div>\n\t\t\t\t<div class=\"elementor-element elementor-element-72a597f elementor-widget elementor-widget-heading\" data-id=\"72a597f\" data-element_type=\"widget\" data-e-type=\"widget\" data-widget_type=\"heading.default\">\n\t\t\t\t<div class=\"elementor-widget-container\">\n\t\t\t\t\t<h2 class=\"elementor-heading-title elementor-size-default\">Long-m\u00e9trage, 1h52<\/h2>\t\t\t\t<\/div>\n\t\t\t\t<\/div>\n\t\t\t\t<div class=\"elementor-element elementor-element-72af63a elementor-widget elementor-widget-text-editor\" data-id=\"72af63a\" data-element_type=\"widget\" data-e-type=\"widget\" data-widget_type=\"text-editor.default\">\n\t\t\t\t<div class=\"elementor-widget-container\">\n\t\t\t\t\t\t\t\t\t<p><em>Une femme d\u2019une trentaine d\u2019ann\u00e9es rentre en Pologne, pour rendre visite \u00e0 un p\u00e8re dont elle s\u2019\u00e9tait \u00e9loign\u00e9e. Celui-ci est hospitalis\u00e9 \u00e0 la suite d\u2019un accident c\u00e9r\u00e9bral, et il appara\u00eet vite qu\u2019il a oubli\u00e9 les derni\u00e8res ann\u00e9es de sa vie. Il est convaincu qu\u2019elle a encore seize ans, et qu\u2019ils forment une famille. Pour tenter de recoller les morceaux de sa vie pass\u00e9e, la jeune femme retourne sur des lieux de son pass\u00e9, revoir des personnes qui furent importantes pour elles. Une r\u00e9flexion s\u2019engage alors sur les origines de l\u2019identit\u00e9 ; l\u2019amour, les liens, la vision du monde, la culture, le d\u00e9sir, et m\u00eame le fait d\u2019\u00eatre, tout passe et se transforme d\u2019une mani\u00e8re impr\u00e9visible.<\/em><\/p>\t\t\t\t\t\t\t\t<\/div>\n\t\t\t\t<\/div>\n\t\t\t\t<div class=\"elementor-element elementor-element-8b7fba1 elementor-widget elementor-widget-heading\" data-id=\"8b7fba1\" data-element_type=\"widget\" data-e-type=\"widget\" data-widget_type=\"heading.default\">\n\t\t\t\t<div class=\"elementor-widget-container\">\n\t\t\t\t\t<h2 class=\"elementor-heading-title elementor-size-default\">R\u00e9alisation : Ola Jankowska<br>Avec Karolina Kominek et Andrzej Poniedzielski<br>Produit par Kometa Films et Opus Films (Pologne)<br><\/h2>\t\t\t\t<\/div>\n\t\t\t\t<\/div>\n\t\t\t\t<div class=\"elementor-element elementor-element-0f2f983 elementor-widget elementor-widget-text-editor\" data-id=\"0f2f983\" data-element_type=\"widget\" data-e-type=\"widget\" data-widget_type=\"text-editor.default\">\n\t\t\t\t<div class=\"elementor-widget-container\">\n\t\t\t\t\t\t\t\t\t<p>Avec le soutien du Polish Film Institute, Opus TV, Canal + Pologne, Colorffon et EC1 Lodz Miasto Kultury.<\/p><p>Torino Film Lab 2014 (Script &amp; Pitch), EKRAN +2018<\/p><p>\u00a0<\/p><p>Premi\u00e8re \u00e0 la Mostra de Venise (Venice Days \/ Giornale degli Autori)<\/p><div class=\"page\" title=\"Page 2\"><div class=\"layoutArea\"><div class=\"column\"><p>Black Canvas Festival (Mexique, 2021)<\/p><p>Warsaw Film Festival (Pologne, 2021)<\/p><p>Festival de Sao Paulo (Bre\u0301sil, 2021)<\/p><p>Festival du Cinema Europe\u0301en de Seville (Espagne, 2021)<\/p><\/div><\/div><\/div>\t\t\t\t\t\t\t\t<\/div>\n\t\t\t\t<\/div>\n\t\t\t\t<div class=\"elementor-element elementor-element-2fea33a elementor-align-left elementor-widget elementor-widget-button\" data-id=\"2fea33a\" data-element_type=\"widget\" data-e-type=\"widget\" data-widget_type=\"button.default\">\n\t\t\t\t<div class=\"elementor-widget-container\">\n\t\t\t\t\t\t\t\t\t<div class=\"elementor-button-wrapper\">\n\t\t\t\t\t<a class=\"elementor-button elementor-button-link elementor-size-md\" href=\"http:\/\/www.kometafilms.com\/fr\/projects\/\">\n\t\t\t\t\t\t<span class=\"elementor-button-content-wrapper\">\n\t\t\t\t\t\t<span class=\"elementor-button-icon\">\n\t\t\t\t<svg xmlns=\"http:\/\/www.w3.org\/2000\/svg\" viewbox=\"0 0 66.71 72.28\"><defs><style>.cls-1{fill:#e52922;}<\/style><\/defs><g id=\"Calque_2\" data-name=\"Calque 2\"><g id=\"Calque_1-2\" data-name=\"Calque 1\"><path class=\"cls-1\" d=\"M.62,72.28,66.71,35.13,0,0Z\"><\/path><\/g><\/g><\/svg>\t\t\t<\/span>\n\t\t\t\t\t\t\t\t\t<span class=\"elementor-button-text\">Retourner aux projets<\/span>\n\t\t\t\t\t<\/span>\n\t\t\t\t\t<\/a>\n\t\t\t\t<\/div>\n\t\t\t\t\t\t\t\t<\/div>\n\t\t\t\t<\/div>\n\t\t\t\t\t<\/div>\n\t\t<\/div>\n\t\t\t\t\t<\/div>\n\t\t<\/section>\n\t\t\t\t<\/div>","protected":false},"excerpt":{"rendered":"<p>ANATOMIA Feature film, 112&#8242; A woman in her 30s travels back to her home country, Poland, to visit her father in the hospital. They had been apart for a while, but it quickly turns out that due to recent complications, he has lost all his memories of the recent years. He is convinced her daughter [&hellip;]<\/p>\n","protected":false},"author":1,"featured_media":0,"parent":0,"menu_order":0,"comment_status":"closed","ping_status":"closed","template":"elementor_header_footer","meta":{"footnotes":""},"class_list":["post-300","page","type-page","status-publish","hentry"],"_links":{"self":[{"href":"https:\/\/www.kometafilms.com\/fr\/wp-json\/wp\/v2\/pages\/300","targetHints":{"allow":["GET"]}}],"collection":[{"href":"https:\/\/www.kometafilms.com\/fr\/wp-json\/wp\/v2\/pages"}],"about":[{"href":"https:\/\/www.kometafilms.com\/fr\/wp-json\/wp\/v2\/types\/page"}],"author":[{"embeddable":true,"href":"https:\/\/www.kometafilms.com\/fr\/wp-json\/wp\/v2\/users\/1"}],"replies":[{"embeddable":true,"href":"https:\/\/www.kometafilms.com\/fr\/wp-json\/wp\/v2\/comments?post=300"}],"version-history":[{"count":31,"href":"https:\/\/www.kometafilms.com\/fr\/wp-json\/wp\/v2\/pages\/300\/revisions"}],"predecessor-version":[{"id":1462,"href":"https:\/\/www.kometafilms.com\/fr\/wp-json\/wp\/v2\/pages\/300\/revisions\/1462"}],"wp:attachment":[{"href":"https:\/\/www.kometafilms.com\/fr\/wp-json\/wp\/v2\/media?parent=300"}],"curies":[{"name":"wp","href":"https:\/\/api.w.org\/{rel}","templated":true}]}}