{"id":302,"date":"2020-10-10T20:09:48","date_gmt":"2020-10-10T20:09:48","guid":{"rendered":"http:\/\/www.kometafilms.com\/?page_id=302"},"modified":"2025-06-02T10:43:21","modified_gmt":"2025-06-02T10:43:21","slug":"lesfillesdestinees","status":"publish","type":"page","link":"https:\/\/www.kometafilms.com\/fr\/lesfillesdestinees\/","title":{"rendered":"LesFillesDestinees"},"content":{"rendered":"<div data-elementor-type=\"wp-page\" data-elementor-id=\"302\" class=\"elementor elementor-302\">\n\t\t\t\t\t\t<section class=\"elementor-section elementor-top-section elementor-element elementor-element-d56c945 elementor-section-content-middle elementor-section-boxed elementor-section-height-default elementor-section-height-default\" data-id=\"d56c945\" data-element_type=\"section\" data-e-type=\"section\">\n\t\t\t\t\t\t<div class=\"elementor-container elementor-column-gap-no\">\n\t\t\t\t\t<div class=\"elementor-column elementor-col-100 elementor-top-column elementor-element elementor-element-fbdbf21\" data-id=\"fbdbf21\" data-element_type=\"column\" data-e-type=\"column\">\n\t\t\t<div class=\"elementor-widget-wrap elementor-element-populated\">\n\t\t\t\t\t\t<div class=\"elementor-element elementor-element-83a7c15 elementor-widget elementor-widget-image\" data-id=\"83a7c15\" data-element_type=\"widget\" data-e-type=\"widget\" data-widget_type=\"image.default\">\n\t\t\t\t<div class=\"elementor-widget-container\">\n\t\t\t\t\t\t\t\t\t\t\t\t\t\t\t<img fetchpriority=\"high\" decoding=\"async\" width=\"1600\" height=\"900\" src=\"https:\/\/www.kometafilms.com\/wp-content\/uploads\/2021\/07\/LFD-2.png\" class=\"attachment-full size-full wp-image-892\" alt=\"\" srcset=\"https:\/\/www.kometafilms.com\/wp-content\/uploads\/2021\/07\/LFD-2.png 1600w, https:\/\/www.kometafilms.com\/wp-content\/uploads\/2021\/07\/LFD-2-300x169.png 300w, https:\/\/www.kometafilms.com\/wp-content\/uploads\/2021\/07\/LFD-2-1024x576.png 1024w, https:\/\/www.kometafilms.com\/wp-content\/uploads\/2021\/07\/LFD-2-768x432.png 768w, https:\/\/www.kometafilms.com\/wp-content\/uploads\/2021\/07\/LFD-2-1536x864.png 1536w, https:\/\/www.kometafilms.com\/wp-content\/uploads\/2021\/07\/LFD-2-16x9.png 16w, https:\/\/www.kometafilms.com\/wp-content\/uploads\/2021\/07\/LFD-2-1200x675.png 1200w\" sizes=\"(max-width: 1600px) 100vw, 1600px\" \/>\t\t\t\t\t\t\t\t\t\t\t\t\t\t\t<\/div>\n\t\t\t\t<\/div>\n\t\t\t\t<div class=\"elementor-element elementor-element-7fc5700 elementor-widget elementor-widget-heading\" data-id=\"7fc5700\" data-element_type=\"widget\" data-e-type=\"widget\" data-widget_type=\"heading.default\">\n\t\t\t\t<div class=\"elementor-widget-container\">\n\t\t\t\t\t<h2 class=\"elementor-heading-title elementor-size-default\">LES FILLES DESTIN\u00c9ES<\/h2>\t\t\t\t<\/div>\n\t\t\t\t<\/div>\n\t\t\t\t<div class=\"elementor-element elementor-element-ac0870a elementor-widget elementor-widget-heading\" data-id=\"ac0870a\" data-element_type=\"widget\" data-e-type=\"widget\" data-widget_type=\"heading.default\">\n\t\t\t\t<div class=\"elementor-widget-container\">\n\t\t\t\t\t<h2 class=\"elementor-heading-title elementor-size-default\">Court M\u00e9trage<\/h2>\t\t\t\t<\/div>\n\t\t\t\t<\/div>\n\t\t\t\t<div class=\"elementor-element elementor-element-6c693f7 elementor-widget elementor-widget-text-editor\" data-id=\"6c693f7\" data-element_type=\"widget\" data-e-type=\"widget\" data-widget_type=\"text-editor.default\">\n\t\t\t\t<div class=\"elementor-widget-container\">\n\t\t\t\t\t\t\t\t\t<p>La nuit de la fermeture de leur bar pr\u00e9f\u00e9r\u00e9, Eden, Crystal et Ibtissame, trois jeunes filles queer et racis\u00e9es, vivent d\u2019\u00e9tranges \u00e9v\u00e9nements : Crystal disparait myst\u00e9rieusement, \u00ab kidnapp\u00e9e par une \u00e9toile mauve \u00bb.\nEden se met \u00e0 la recherche de celle qu\u2019elle aime, jusqu\u2019\u00e0 d\u00e9couvrir qu\u2019elle se trouve dans un autre monde fantastique et merveilleux\u2026<\/p>\t\t\t\t\t\t\t\t<\/div>\n\t\t\t\t<\/div>\n\t\t\t\t<div class=\"elementor-element elementor-element-d4e7772 elementor-widget elementor-widget-heading\" data-id=\"d4e7772\" data-element_type=\"widget\" data-e-type=\"widget\" data-widget_type=\"heading.default\">\n\t\t\t\t<div class=\"elementor-widget-container\">\n\t\t\t\t\t<h2 class=\"elementor-heading-title elementor-size-default\">R\u00e9alisation : Valentin Nouja\u00efm<br>\nProduit par Kometa Films et Iliade&amp;Films<br>\nGenre : Teen-movie Fantastique<\/h2>\t\t\t\t<\/div>\n\t\t\t\t<\/div>\n\t\t\t\t<div class=\"elementor-element elementor-element-93321f2 elementor-widget elementor-widget-text-editor\" data-id=\"93321f2\" data-element_type=\"widget\" data-e-type=\"widget\" data-widget_type=\"text-editor.default\">\n\t\t\t\t<div class=\"elementor-widget-container\">\n\t\t\t\t\t\t\t\t\t<p>Avec le soutien du CNC (Aide avant r\u00e9alisation et Aide aux CVS) et de la R\u00e9gion Normandie<\/p><p>\u00a0<\/p><p>Festival International de court m\u00e9trage de Lille - rencontres audiovisuelles (France, 2022)<\/p><p>Marseille Les mains gauches festival<\/p><p>London Fringe Film Festival\u00a0<\/p><p>Diffus\u00e9 \u00e0 la cin\u00e9math\u00e8que fran\u00e7aise (21 novembre 2022)<\/p><p>\u00a0<\/p><p>\u00a0<\/p>\t\t\t\t\t\t\t\t<\/div>\n\t\t\t\t<\/div>\n\t\t\t\t<div class=\"elementor-element elementor-element-acb59cd elementor-align-left elementor-widget elementor-widget-button\" data-id=\"acb59cd\" data-element_type=\"widget\" data-e-type=\"widget\" data-widget_type=\"button.default\">\n\t\t\t\t<div class=\"elementor-widget-container\">\n\t\t\t\t\t\t\t\t\t<div class=\"elementor-button-wrapper\">\n\t\t\t\t\t<a class=\"elementor-button elementor-button-link elementor-size-md\" href=\"http:\/\/www.kometafilms.com\/fr\/projects\/\">\n\t\t\t\t\t\t<span class=\"elementor-button-content-wrapper\">\n\t\t\t\t\t\t<span class=\"elementor-button-icon\">\n\t\t\t\t<svg xmlns=\"http:\/\/www.w3.org\/2000\/svg\" viewbox=\"0 0 66.71 72.28\"><defs><style>.cls-1{fill:#e52922;}<\/style><\/defs><g id=\"Calque_2\" data-name=\"Calque 2\"><g id=\"Calque_1-2\" data-name=\"Calque 1\"><path class=\"cls-1\" d=\"M.62,72.28,66.71,35.13,0,0Z\"><\/path><\/g><\/g><\/svg>\t\t\t<\/span>\n\t\t\t\t\t\t\t\t\t<span class=\"elementor-button-text\">Retourner aux projets<\/span>\n\t\t\t\t\t<\/span>\n\t\t\t\t\t<\/a>\n\t\t\t\t<\/div>\n\t\t\t\t\t\t\t\t<\/div>\n\t\t\t\t<\/div>\n\t\t\t\t\t<\/div>\n\t\t<\/div>\n\t\t\t\t\t<\/div>\n\t\t<\/section>\n\t\t\t\t<\/div>","protected":false},"excerpt":{"rendered":"<p>DAUGHTERS OF DESTINY Short film On the closing night of their favorite bar, Eden, Crystal and Ibtissame, experience strange events. Crystal mysteriously disappears, kidnapped by a purple star. Eden sets out to find the one she loves, only to discover that Crystal is trapped in a parallel and fantastic world. Directed by Valentin Nouja\u00efm Produced [&hellip;]<\/p>\n","protected":false},"author":1,"featured_media":0,"parent":0,"menu_order":0,"comment_status":"closed","ping_status":"closed","template":"elementor_header_footer","meta":{"footnotes":""},"class_list":["post-302","page","type-page","status-publish","hentry"],"_links":{"self":[{"href":"https:\/\/www.kometafilms.com\/fr\/wp-json\/wp\/v2\/pages\/302","targetHints":{"allow":["GET"]}}],"collection":[{"href":"https:\/\/www.kometafilms.com\/fr\/wp-json\/wp\/v2\/pages"}],"about":[{"href":"https:\/\/www.kometafilms.com\/fr\/wp-json\/wp\/v2\/types\/page"}],"author":[{"embeddable":true,"href":"https:\/\/www.kometafilms.com\/fr\/wp-json\/wp\/v2\/users\/1"}],"replies":[{"embeddable":true,"href":"https:\/\/www.kometafilms.com\/fr\/wp-json\/wp\/v2\/comments?post=302"}],"version-history":[{"count":28,"href":"https:\/\/www.kometafilms.com\/fr\/wp-json\/wp\/v2\/pages\/302\/revisions"}],"predecessor-version":[{"id":1487,"href":"https:\/\/www.kometafilms.com\/fr\/wp-json\/wp\/v2\/pages\/302\/revisions\/1487"}],"wp:attachment":[{"href":"https:\/\/www.kometafilms.com\/fr\/wp-json\/wp\/v2\/media?parent=302"}],"curies":[{"name":"wp","href":"https:\/\/api.w.org\/{rel}","templated":true}]}}