{"id":315,"date":"2020-10-10T20:19:19","date_gmt":"2020-10-10T20:19:19","guid":{"rendered":"http:\/\/www.kometafilms.com\/?page_id=315"},"modified":"2022-12-09T13:51:04","modified_gmt":"2022-12-09T13:51:04","slug":"mumpostedanewphoto","status":"publish","type":"page","link":"https:\/\/www.kometafilms.com\/fr\/mumpostedanewphoto\/","title":{"rendered":"MumPostedANewPhoto"},"content":{"rendered":"<div data-elementor-type=\"wp-page\" data-elementor-id=\"315\" class=\"elementor elementor-315\">\n\t\t\t\t\t\t<section class=\"elementor-section elementor-top-section elementor-element elementor-element-6d6ee75 elementor-section-content-middle elementor-section-boxed elementor-section-height-default elementor-section-height-default\" data-id=\"6d6ee75\" data-element_type=\"section\" data-e-type=\"section\">\n\t\t\t\t\t\t<div class=\"elementor-container elementor-column-gap-no\">\n\t\t\t\t\t<div class=\"elementor-column elementor-col-100 elementor-top-column elementor-element elementor-element-14ee09b\" data-id=\"14ee09b\" data-element_type=\"column\" data-e-type=\"column\">\n\t\t\t<div class=\"elementor-widget-wrap elementor-element-populated\">\n\t\t\t\t\t\t<div class=\"elementor-element elementor-element-b8255d8 elementor-widget elementor-widget-image\" data-id=\"b8255d8\" data-element_type=\"widget\" data-e-type=\"widget\" data-widget_type=\"image.default\">\n\t\t\t\t<div class=\"elementor-widget-container\">\n\t\t\t\t\t\t\t\t\t\t\t\t\t\t\t<img fetchpriority=\"high\" decoding=\"async\" width=\"1920\" height=\"1080\" src=\"https:\/\/www.kometafilms.com\/wp-content\/uploads\/2022\/04\/ByFlavio_site_projet.jpg\" class=\"attachment-full size-full wp-image-1035\" alt=\"\" srcset=\"https:\/\/www.kometafilms.com\/wp-content\/uploads\/2022\/04\/ByFlavio_site_projet.jpg 1920w, https:\/\/www.kometafilms.com\/wp-content\/uploads\/2022\/04\/ByFlavio_site_projet-300x169.jpg 300w, https:\/\/www.kometafilms.com\/wp-content\/uploads\/2022\/04\/ByFlavio_site_projet-1024x576.jpg 1024w, https:\/\/www.kometafilms.com\/wp-content\/uploads\/2022\/04\/ByFlavio_site_projet-768x432.jpg 768w, https:\/\/www.kometafilms.com\/wp-content\/uploads\/2022\/04\/ByFlavio_site_projet-1536x864.jpg 1536w, https:\/\/www.kometafilms.com\/wp-content\/uploads\/2022\/04\/ByFlavio_site_projet-16x9.jpg 16w, https:\/\/www.kometafilms.com\/wp-content\/uploads\/2022\/04\/ByFlavio_site_projet-1200x675.jpg 1200w\" sizes=\"(max-width: 1920px) 100vw, 1920px\" \/>\t\t\t\t\t\t\t\t\t\t\t\t\t\t\t<\/div>\n\t\t\t\t<\/div>\n\t\t\t\t<div class=\"elementor-element elementor-element-c2dcecd elementor-widget elementor-widget-heading\" data-id=\"c2dcecd\" data-element_type=\"widget\" data-e-type=\"widget\" data-widget_type=\"heading.default\">\n\t\t\t\t<div class=\"elementor-widget-container\">\n\t\t\t\t\t<h2 class=\"elementor-heading-title elementor-size-default\">BY FLAVIO<\/h2>\t\t\t\t<\/div>\n\t\t\t\t<\/div>\n\t\t\t\t<div class=\"elementor-element elementor-element-5b03344 elementor-widget elementor-widget-heading\" data-id=\"5b03344\" data-element_type=\"widget\" data-e-type=\"widget\" data-widget_type=\"heading.default\">\n\t\t\t\t<div class=\"elementor-widget-container\">\n\t\t\t\t\t<h2 class=\"elementor-heading-title elementor-size-default\">Court m\u00e9trage - 27'<\/h2>\t\t\t\t<\/div>\n\t\t\t\t<\/div>\n\t\t\t\t<div class=\"elementor-element elementor-element-4b79fda elementor-widget elementor-widget-text-editor\" data-id=\"4b79fda\" data-element_type=\"widget\" data-e-type=\"widget\" data-widget_type=\"text-editor.default\">\n\t\t\t\t<div class=\"elementor-widget-container\">\n\t\t\t\t\t\t\t\t\t<p><em>M\u00e1rcia (29 ans), aspirant \u00e0 devenir une influenceuse digitale, parvient \u00e0 obtenir un rendez-vous prometteur avec Da Reel Chullz, une jeune star du hip hop. Seulement ce soir-l\u00e0 elle ne trouve personne pour garder son fils Fl\u00e1vio (10 ans). La solution est de l\u2019emmener avec elle.\u00a0<\/em><\/p>\t\t\t\t\t\t\t\t<\/div>\n\t\t\t\t<\/div>\n\t\t\t\t<div class=\"elementor-element elementor-element-6ec7f58 elementor-widget elementor-widget-heading\" data-id=\"6ec7f58\" data-element_type=\"widget\" data-e-type=\"widget\" data-widget_type=\"heading.default\">\n\t\t\t\t<div class=\"elementor-widget-container\">\n\t\t\t\t\t<h2 class=\"elementor-heading-title elementor-size-default\">R\u00e9alisation : Pedro Cabeleira<br>\nProduit par Primeira Idade (Portugal), co-produit par Kometa Film.<\/h2>\t\t\t\t<\/div>\n\t\t\t\t<\/div>\n\t\t\t\t<div class=\"elementor-element elementor-element-a04e759 elementor-widget elementor-widget-text-editor\" data-id=\"a04e759\" data-element_type=\"widget\" data-e-type=\"widget\" data-widget_type=\"text-editor.default\">\n\t\t\t\t<div class=\"elementor-widget-container\">\n\t\t\t\t\t\t\t\t\t<p>Avec le soutien d'ARTE France, l\u2019aide \u00e0 la production de court-m\u00e9trages de l\u2019ICA, Municipalit\u00e9 de Torres Novas, la fondation GDA\n\nPr\u00e9sent\u00e9 en avant-premi\u00e8re \u00e0 la Berlinale 2022.<\/p>\n<p><\/p>\n<p>Premiere at Berlinale 2022 &#8211; official competition&nbsp;<span lang=\"EN-US\">Berlin International Film Festival short film<\/span><\/p>\n<p><em>IndieLisboa 2022 \u2013 Silvestre Section \/ National Short Film Competition \u2013&nbsp;<\/em><em>winner Schools Award (Portugal) <\/em><\/p>\n<p><em>4th Pyeongchang International Peace Film Festival &#8211; POV: The New <\/em><em>Normal &#8211; SNS, Media and I (South Korea) <\/em><\/p>\n<p><em>18th Kinemastik International Short Film Festival 2022 (Malta) \u2013 Special Mention winner&nbsp;<\/em><\/p>\n<p><em>21st Concorto Film Festival 2022 &#8211; International Competition (Italy)<\/em><\/p>\n<p><\/p>\t\t\t\t\t\t\t\t<\/div>\n\t\t\t\t<\/div>\n\t\t\t\t<div class=\"elementor-element elementor-element-c7f49da elementor-align-left elementor-widget elementor-widget-button\" data-id=\"c7f49da\" data-element_type=\"widget\" data-e-type=\"widget\" data-widget_type=\"button.default\">\n\t\t\t\t<div class=\"elementor-widget-container\">\n\t\t\t\t\t\t\t\t\t<div class=\"elementor-button-wrapper\">\n\t\t\t\t\t<a class=\"elementor-button elementor-button-link elementor-size-md\" href=\"http:\/\/www.kometafilms.com\/fr\/projects\/\">\n\t\t\t\t\t\t<span class=\"elementor-button-content-wrapper\">\n\t\t\t\t\t\t<span class=\"elementor-button-icon\">\n\t\t\t\t<svg xmlns=\"http:\/\/www.w3.org\/2000\/svg\" viewbox=\"0 0 66.71 72.28\"><defs><style>.cls-1{fill:#e52922;}<\/style><\/defs><g id=\"Calque_2\" data-name=\"Calque 2\"><g id=\"Calque_1-2\" data-name=\"Calque 1\"><path class=\"cls-1\" d=\"M.62,72.28,66.71,35.13,0,0Z\"><\/path><\/g><\/g><\/svg>\t\t\t<\/span>\n\t\t\t\t\t\t\t\t\t<span class=\"elementor-button-text\">Retourner aux projets<\/span>\n\t\t\t\t\t<\/span>\n\t\t\t\t\t<\/a>\n\t\t\t\t<\/div>\n\t\t\t\t\t\t\t\t<\/div>\n\t\t\t\t<\/div>\n\t\t\t\t\t<\/div>\n\t\t<\/div>\n\t\t\t\t\t<\/div>\n\t\t<\/section>\n\t\t\t\t<\/div>","protected":false},"excerpt":{"rendered":"<p>BY FLAVIO Short film &#8211; 27&#8242; M\u00e1rcia (29), wannabe digital influencer, has a promising date with Da Reel Chullz, a young rapper, but there\u2019s no one to babysit Fl\u00e1vio (10), her son. The solution is to bring him with her.\u00a0 Directed by Pedro Cabeleira Produced by Primeira Idade (Portugal), coproduced by Kometa Films Funded by [&hellip;]<\/p>\n","protected":false},"author":1,"featured_media":0,"parent":0,"menu_order":0,"comment_status":"closed","ping_status":"closed","template":"elementor_header_footer","meta":{"footnotes":""},"class_list":["post-315","page","type-page","status-publish","hentry"],"_links":{"self":[{"href":"https:\/\/www.kometafilms.com\/fr\/wp-json\/wp\/v2\/pages\/315","targetHints":{"allow":["GET"]}}],"collection":[{"href":"https:\/\/www.kometafilms.com\/fr\/wp-json\/wp\/v2\/pages"}],"about":[{"href":"https:\/\/www.kometafilms.com\/fr\/wp-json\/wp\/v2\/types\/page"}],"author":[{"embeddable":true,"href":"https:\/\/www.kometafilms.com\/fr\/wp-json\/wp\/v2\/users\/1"}],"replies":[{"embeddable":true,"href":"https:\/\/www.kometafilms.com\/fr\/wp-json\/wp\/v2\/comments?post=315"}],"version-history":[{"count":28,"href":"https:\/\/www.kometafilms.com\/fr\/wp-json\/wp\/v2\/pages\/315\/revisions"}],"predecessor-version":[{"id":1455,"href":"https:\/\/www.kometafilms.com\/fr\/wp-json\/wp\/v2\/pages\/315\/revisions\/1455"}],"wp:attachment":[{"href":"https:\/\/www.kometafilms.com\/fr\/wp-json\/wp\/v2\/media?parent=315"}],"curies":[{"name":"wp","href":"https:\/\/api.w.org\/{rel}","templated":true}]}}