{"id":497,"date":"2020-10-15T15:59:43","date_gmt":"2020-10-15T15:59:43","guid":{"rendered":"http:\/\/www.kometafilms.com\/?page_id=497"},"modified":"2022-09-21T09:31:56","modified_gmt":"2022-09-21T09:31:56","slug":"heliogabal","status":"publish","type":"page","link":"https:\/\/www.kometafilms.com\/fr\/heliogabal\/","title":{"rendered":"HELIOGABAL"},"content":{"rendered":"<div data-elementor-type=\"wp-page\" data-elementor-id=\"497\" class=\"elementor elementor-497\">\n\t\t\t\t\t\t<section class=\"elementor-section elementor-top-section elementor-element elementor-element-2bdb82a elementor-section-content-middle elementor-section-boxed elementor-section-height-default elementor-section-height-default\" data-id=\"2bdb82a\" data-element_type=\"section\" data-e-type=\"section\">\n\t\t\t\t\t\t<div class=\"elementor-container elementor-column-gap-no\">\n\t\t\t\t\t<div class=\"elementor-column elementor-col-100 elementor-top-column elementor-element elementor-element-19cb302\" data-id=\"19cb302\" data-element_type=\"column\" data-e-type=\"column\">\n\t\t\t<div class=\"elementor-widget-wrap elementor-element-populated\">\n\t\t\t\t\t\t<div class=\"elementor-element elementor-element-d54c2dc elementor-widget elementor-widget-image\" data-id=\"d54c2dc\" data-element_type=\"widget\" data-e-type=\"widget\" data-widget_type=\"image.default\">\n\t\t\t\t<div class=\"elementor-widget-container\">\n\t\t\t\t\t\t\t\t\t\t\t\t\t\t\t<img fetchpriority=\"high\" decoding=\"async\" width=\"1920\" height=\"1080\" src=\"https:\/\/www.kometafilms.com\/wp-content\/uploads\/2020\/10\/1.jpg\" class=\"attachment-full size-full wp-image-502\" alt=\"\" srcset=\"https:\/\/www.kometafilms.com\/wp-content\/uploads\/2020\/10\/1.jpg 1920w, https:\/\/www.kometafilms.com\/wp-content\/uploads\/2020\/10\/1-300x169.jpg 300w, https:\/\/www.kometafilms.com\/wp-content\/uploads\/2020\/10\/1-1024x576.jpg 1024w, https:\/\/www.kometafilms.com\/wp-content\/uploads\/2020\/10\/1-768x432.jpg 768w, https:\/\/www.kometafilms.com\/wp-content\/uploads\/2020\/10\/1-1536x864.jpg 1536w, https:\/\/www.kometafilms.com\/wp-content\/uploads\/2020\/10\/1-1200x675.jpg 1200w\" sizes=\"(max-width: 1920px) 100vw, 1920px\" \/>\t\t\t\t\t\t\t\t\t\t\t\t\t\t\t<\/div>\n\t\t\t\t<\/div>\n\t\t\t\t<div class=\"elementor-element elementor-element-154501b elementor-widget elementor-widget-heading\" data-id=\"154501b\" data-element_type=\"widget\" data-e-type=\"widget\" data-widget_type=\"heading.default\">\n\t\t\t\t<div class=\"elementor-widget-container\">\n\t\t\t\t\t<h2 class=\"elementor-heading-title elementor-size-default\">HELIOGABALE<\/h2>\t\t\t\t<\/div>\n\t\t\t\t<\/div>\n\t\t\t\t<div class=\"elementor-element elementor-element-d7aaa72 elementor-widget elementor-widget-heading\" data-id=\"d7aaa72\" data-element_type=\"widget\" data-e-type=\"widget\" data-widget_type=\"heading.default\">\n\t\t\t\t<div class=\"elementor-widget-container\">\n\t\t\t\t\t<h2 class=\"elementor-heading-title elementor-size-default\">Film Documentaire en d\u00e9veloppement<\/h2>\t\t\t\t<\/div>\n\t\t\t\t<\/div>\n\t\t\t\t<div class=\"elementor-element elementor-element-48eacf1 elementor-widget elementor-widget-text-editor\" data-id=\"48eacf1\" data-element_type=\"widget\" data-e-type=\"widget\" data-widget_type=\"text-editor.default\">\n\t\t\t\t<div class=\"elementor-widget-container\">\n\t\t\t\t\t\t\t\t\t<p>Dans un petit village du Kosovo en proie aux chiens errants, Agron, v\u00e9t\u00e9rinaire id\u00e9aliste, r\u00eave de transformer le terrain familial en refuge. Mais le retour de son fr\u00e8re Baton, d\u00e9cid\u00e9 \u00e0 vendre le terrain pour rembourser ses dettes, bouleverse ses plans. Lorsque la morsure d\u2019un enfant d\u00e9clenche une peur collective, son voisin Luan attise les tensions et organise une chasse aux chiens, malgr\u00e9 l\u2019opposition d\u2019 Agron. Ce qui commence comme une traque animale d\u00e9g\u00e9n\u00e8re en un affrontement fratricide, o\u00f9 la fronti\u00e8re entre l\u2019homme et la b\u00eate s'efface. Pris dans une spirale de violence, Agron doit choisir entre c\u00e9der \u00e0 la brutalit\u00e9 ou pr\u00e9server ce qu\u2019il reste de son humanit\u00e9.<\/p>\t\t\t\t\t\t\t\t<\/div>\n\t\t\t\t<\/div>\n\t\t\t\t<div class=\"elementor-element elementor-element-cc56d92 elementor-widget elementor-widget-heading\" data-id=\"cc56d92\" data-element_type=\"widget\" data-e-type=\"widget\" data-widget_type=\"heading.default\">\n\t\t\t\t<div class=\"elementor-widget-container\">\n\t\t\t\t\t<h2 class=\"elementor-heading-title elementor-size-default\">R\u00e9alisation : Valentin Nouja\u00efm<br>\nEn coproduction avec Big Sister (France) et Zentropa Berlin (Allemagne)<\/h2>\t\t\t\t<\/div>\n\t\t\t\t<\/div>\n\t\t\t\t<div class=\"elementor-element elementor-element-cce0e29 elementor-widget elementor-widget-heading\" data-id=\"cce0e29\" data-element_type=\"widget\" data-e-type=\"widget\" data-widget_type=\"heading.default\">\n\t\t\t\t<div class=\"elementor-widget-container\">\n\t\t\t\t\t<h2 class=\"elementor-heading-title elementor-size-default\">Laur\u00e9at de la R\u00e9sidence le C.L.O.S du FIFIB <br><br>AFAC - Fonds d'Aide au d\u00e9veloppement<br><br>\nCNAP Fond de soutien image\/mouvement 2022<br>\n<br>S\u00e9lectionn\u00e9 \u00e0 la R\u00e9sidence de la Villa M\u00e9dicis 2022<\/h2>\t\t\t\t<\/div>\n\t\t\t\t<\/div>\n\t\t\t\t<div class=\"elementor-element elementor-element-6c37ded elementor-align-left elementor-widget elementor-widget-button\" data-id=\"6c37ded\" data-element_type=\"widget\" data-e-type=\"widget\" data-widget_type=\"button.default\">\n\t\t\t\t<div class=\"elementor-widget-container\">\n\t\t\t\t\t\t\t\t\t<div class=\"elementor-button-wrapper\">\n\t\t\t\t\t<a class=\"elementor-button elementor-button-link elementor-size-md\" href=\"http:\/\/www.kometafilms.com\/fr\/projects\/\">\n\t\t\t\t\t\t<span class=\"elementor-button-content-wrapper\">\n\t\t\t\t\t\t<span class=\"elementor-button-icon\">\n\t\t\t\t<svg xmlns=\"http:\/\/www.w3.org\/2000\/svg\" viewbox=\"0 0 66.71 72.28\"><defs><style>.cls-1{fill:#e52922;}<\/style><\/defs><g id=\"Calque_2\" data-name=\"Calque 2\"><g id=\"Calque_1-2\" data-name=\"Calque 1\"><path class=\"cls-1\" d=\"M.62,72.28,66.71,35.13,0,0Z\"><\/path><\/g><\/g><\/svg>\t\t\t<\/span>\n\t\t\t\t\t\t\t\t\t<span class=\"elementor-button-text\">Retourner aux projets<\/span>\n\t\t\t\t\t<\/span>\n\t\t\t\t\t<\/a>\n\t\t\t\t<\/div>\n\t\t\t\t\t\t\t\t<\/div>\n\t\t\t\t<\/div>\n\t\t\t\t\t<\/div>\n\t\t<\/div>\n\t\t\t\t\t<\/div>\n\t\t<\/section>\n\t\t\t\t<\/div>","protected":false},"excerpt":{"rendered":"<p>HELIOGABALE Documentary film in development It all begins as a black stone falls from the Syrian sky, 4000 years ago. As Heliogabalus is born in 203 A.D. in a matriarcal family of promiscuous of Assyrian queens. The black stone predicts he will become emperor of Rome and change the world. However, Heliogabalus had another mission [&hellip;]<\/p>\n","protected":false},"author":1,"featured_media":0,"parent":0,"menu_order":0,"comment_status":"closed","ping_status":"closed","template":"elementor_header_footer","meta":{"footnotes":""},"class_list":["post-497","page","type-page","status-publish","hentry"],"_links":{"self":[{"href":"https:\/\/www.kometafilms.com\/fr\/wp-json\/wp\/v2\/pages\/497","targetHints":{"allow":["GET"]}}],"collection":[{"href":"https:\/\/www.kometafilms.com\/fr\/wp-json\/wp\/v2\/pages"}],"about":[{"href":"https:\/\/www.kometafilms.com\/fr\/wp-json\/wp\/v2\/types\/page"}],"author":[{"embeddable":true,"href":"https:\/\/www.kometafilms.com\/fr\/wp-json\/wp\/v2\/users\/1"}],"replies":[{"embeddable":true,"href":"https:\/\/www.kometafilms.com\/fr\/wp-json\/wp\/v2\/comments?post=497"}],"version-history":[{"count":35,"href":"https:\/\/www.kometafilms.com\/fr\/wp-json\/wp\/v2\/pages\/497\/revisions"}],"predecessor-version":[{"id":1306,"href":"https:\/\/www.kometafilms.com\/fr\/wp-json\/wp\/v2\/pages\/497\/revisions\/1306"}],"wp:attachment":[{"href":"https:\/\/www.kometafilms.com\/fr\/wp-json\/wp\/v2\/media?parent=497"}],"curies":[{"name":"wp","href":"https:\/\/api.w.org\/{rel}","templated":true}]}}